{"id":3,"date":"2019-09-20T09:03:58","date_gmt":"2019-09-20T08:03:58","guid":{"rendered":"https:\/\/www.sirius-telecom.com\/?page_id=3"},"modified":"2021-08-26T12:22:07","modified_gmt":"2021-08-26T11:22:07","slug":"politica-de-privacidad","status":"publish","type":"page","link":"https:\/\/www.sirius-telecom.com\/es\/politica-de-privacidad\/","title":{"rendered":"Pol\u00edtica de privacidad"},"content":{"rendered":"<div class=\"wpb-content-wrapper\"><p>[vc_row css=&#8221;.vc_custom_1571909928105{margin-top: 35px !important;}&#8221;][vc_column]<header class=\"kd-section-title col-lg-12 text-left    \" ><h2 class=\"separator_off\" style=\"font-size: 40px;\">Pol\u00edtica de Privacidad<\/h2><\/header>[\/vc_column][\/vc_row][vc_row][vc_column][vc_column_text]La privacidad es una prioridad en <a href=\"https:\/\/www.sirius-telecom.com\">Sirius-telecom.com<\/a><\/p>\n<p>Como responsable de esta web, queremos ofrecerte las mayores garant\u00edas legales en relaci\u00f3n con tu privacidad y explicarte con la mayor claridad y transparencia posible, todo lo tiene que ver con al tratamiento de informaci\u00f3n personal dentro de esta web.<\/p>\n<p>La presente <strong>Pol\u00edtica de Privacidad<\/strong> ser\u00e1 v\u00e1lida \u00fanicamente para los datos de car\u00e1cter personal obtenidos en el Sitio Web, no siendo aplicable para aquella informaci\u00f3n recabada por terceros en otras p\u00e1ginas web, incluso si \u00e9stas se encuentran enlazadas por el Sitio Web.<\/p>\n<p>Est\u00e1 pol\u00edtica ha sido actualizada el 15 de Ocutbre de 2019.<\/p>\n<p><a href=\"https:\/\/www.sirius-telecom.com\">Sirius-telecom.com<\/a> ha adecuado esta web a las exigencias de la Ley Org\u00e1nica 15\/1999, de 13 de diciembre, de Protecci\u00f3n de Datos de Car\u00e1cter Personal (LOPD), y al Real Decreto 1720\/2007, de 21 de diciembre, conocido como el Reglamento de desarrollo de la LOPD. Cumple tambi\u00e9n con el Reglamento (UE) 2016\/679 del Parlamento Europeo y del Consejo de 27 de abril de 2016 relativo a la protecci\u00f3n de las personas f\u00edsicas (RGPD), as\u00ed como con la Ley 34\/2002, de 11 de julio, de Servicios de la Sociedad de la Informaci\u00f3n y Comercio Electr\u00f3nico (LSSICE o LSSI).<\/p>\n<p>Los datos identificativos de Sirius-telecom.com son los siguientes:<\/p>\n<p>SIRIUS TELECOM SLU.<br \/>\nCtra. L\u2019Hospitalet, 147 \u2013 Edificio Lisboa, Pl3 P\u00aa B<br \/>\nNIF: B66882556<br \/>\n08940 Cornell\u00e0 Llobregat<\/p>\n<p>Titular: Mireya Sama<br \/>\nEmail: info@Sirius-telecom.com<br \/>\nTel\u00e9fono de contacto: 93 445 43 00<\/p>\n<p>Email de contacto: <a href=\"mailto:info@proena.es\">info@Sirius-telecom.com<\/a><\/p>\n<p><strong>FINALIDAD DEL TRATAMIENTO DE TUS DATOS PERSONALES.<\/strong><\/p>\n<p>En <a href=\"https:\/\/www.sirius-telecom.com\">Sirius-telecom.com<\/a> se trata la informaci\u00f3n proporcionada por las personas interesadas con el fin de identificar y atender la solicitud realizada por el titular de los mismos, en adelante <strong>el Interesado<\/strong>. La via de tomas de datos son: Formularios web o registro en el sistema).<\/p>\n<p><strong>Los datos recogidos se utilizar\u00e1n para:<\/strong><\/p>\n<ol>\n<li>Responder a los requerimientos de los usuarios de <a href=\"https:\/\/www.sirius-telecom.com\"><strong>Sirius-telecom.com<\/strong><\/a><strong>.<\/strong><\/li>\n<li>Gestionar las suscripciones a la lista de correo y enviar peri\u00f3dicamente boletines con ofertas, promociones y novedades.<\/li>\n<li>Creaci\u00f3n de datos en nuestra ficha de clientes para generar los pedidos, albaranes y facturas correspondientes.<\/li>\n<li>Garantizar el cumplimiento de las condiciones de uso y la ley aplicable. Esto puede incluir desarrollo de herramientas y algoritmos que ayudan a esta web a garantizar la confidencialidad de los datos personales que recoge.<\/li>\n<\/ol>\n<p>No es necesario que facilites ning\u00fan dato de car\u00e1cter personal para la navegaci\u00f3n por esta web.<\/p>\n<p><strong>TIEMPO DE CONSERVACI\u00d3N DE TUS DATOS.<\/strong><\/p>\n<p>Los datos personales proporcionados se conservar\u00e1n durante 5 a\u00f1os para mantener un hist\u00f3rico de consulta y contactos. El tiempo de conservaci\u00f3n de datos de los suscriptores o formularios de contacto estar\u00e1 supeditado a la baja voluntaria del usuario a la lista de correo.<\/p>\n<p><strong>DERECHOS DEL USUARIO AL FACILITAR SUS DATOS.<\/strong><\/p>\n<p>Cualquier persona tiene derecho a obtener confirmaci\u00f3n sobre si en <a href=\"https:\/\/www.sirius-telecom.com\">Sirius-telecom.com<\/a> se est\u00e1n tratando datos personales que le conciernan, o no.<\/p>\n<p>Las personas interesadas tienen derecho a acceder a sus datos personales, as\u00ed como a solicitar la rectificaci\u00f3n de los datos inexactos o, en su caso, solicitar su supresi\u00f3n cuando, entre otros motivos, los datos ya no sean necesarios para los fines que fueron recogidos.<\/p>\n<p>En determinadas circunstancias, los interesados podr\u00e1n solicitar la limitaci\u00f3n del tratamiento de sus datos, en cuyo caso \u00fanicamente los conservaremos para el ejercicio o la defensa de reclamaciones.<\/p>\n<p>En determinadas circunstancias y por motivos relacionados con su situaci\u00f3n particular, los interesados podr\u00e1n oponerse al tratamiento de sus datos.<\/p>\n<p><a href=\"https:\/\/www.sirius-telecom.com\">Sirius-telecom.com<\/a> dejar\u00e1 de tratar los datos, salvo por motivos leg\u00edtimos imperiosos, o el ejercicio o la defensa de posibles reclamaciones.<\/p>\n<p>Podr\u00e1 ejercitar materialmente sus derechos por email a: <a href=\"mailto:info@proena.es\">info@Sirius-telecom.com<\/a><\/p>\n<p><strong>EXACTITUD Y VERACIDAD DE LOS DATOS<\/strong><\/p>\n<p>El Usuario garantiza que los datos personales facilitados a trav\u00e9s de los diferentes formularios son veraces, quedando obligado a comunicar cualquier modificaci\u00f3n de los mismos. Igualmente, el Usuario garantiza que toda informaci\u00f3n facilitada corresponde con su situaci\u00f3n real, que est\u00e1 puesta al d\u00eda y es exacta. Adem\u00e1s el Usuario se obliga a mantener en todo momento sus datos actualizados, siendo el \u00fanico responsable de la inexactitud o falsedad de los datos facilitados y de los perjuicios que pueda causar por ello a <a href=\"mailto:info@proena.es\">info@Sirius-telecom.com<\/a>[\/vc_column_text][\/vc_column][\/vc_row]<\/p>\n<\/div>","protected":false},"excerpt":{"rendered":"<p>[vc_row css=&#8221;.vc_custom_1571909928105{margin-top: 35px !important;}&#8221;][vc_column][\/vc_column][\/vc_row][vc_row][vc_column][vc_column_text]La privacidad es una prioridad en Sirius-telecom.com Como responsable de esta web, queremos ofrecerte las mayores garant\u00edas [&hellip;]<\/p>\n","protected":false},"author":1,"featured_media":0,"parent":0,"menu_order":0,"comment_status":"closed","ping_status":"closed","template":"","meta":{"footnotes":""},"yoast_head":"<title>Pol\u00edtica de privacidad - SIRIUS TELECOM - Telecommunications Engineering Barcelona<\/title>\n<meta name=\"robots\" content=\"index, follow, max-snippet:-1, max-image-preview:large, max-video-preview:-1\" \/>\n<link rel=\"canonical\" href=\"https:\/\/www.sirius-telecom.com\/politica-de-privacidad\/\" \/>\n<meta property=\"og:locale\" content=\"es_ES\" \/>\n<meta property=\"og:type\" content=\"article\" \/>\n<meta property=\"og:title\" content=\"Pol\u00edtica de privacidad - SIRIUS TELECOM - Telecommunications Engineering Barcelona\" \/>\n<meta property=\"og:description\" content=\"[vc_row css=&#8221;.vc_custom_1571909928105{margin-top: 35px !important;}&#8221;][vc_column][\/vc_column][\/vc_row][vc_row][vc_column][vc_column_text]La privacidad es una prioridad en Sirius-telecom.com Como responsable de esta web, queremos ofrecerte las mayores garant\u00edas [&hellip;]\" \/>\n<meta property=\"og:url\" content=\"https:\/\/www.sirius-telecom.com\/politica-de-privacidad\/\" \/>\n<meta property=\"og:site_name\" content=\"SIRIUS TELECOM - Telecommunications Engineering Barcelona\" \/>\n<meta property=\"article:modified_time\" content=\"2021-08-26T11:22:07+00:00\" \/>\n<meta name=\"twitter:card\" content=\"summary_large_image\" \/>\n<meta name=\"twitter:label1\" content=\"Tiempo de lectura\" \/>\n\t<meta name=\"twitter:data1\" content=\"4 minutos\" \/>\n<script type=\"application\/ld+json\" class=\"yoast-schema-graph\">{\"@context\":\"https:\/\/schema.org\",\"@graph\":[{\"@type\":\"WebPage\",\"@id\":\"https:\/\/www.sirius-telecom.com\/politica-de-privacidad\/\",\"url\":\"https:\/\/www.sirius-telecom.com\/politica-de-privacidad\/\",\"name\":\"Pol\u00edtica de privacidad - SIRIUS TELECOM - Telecommunications Engineering Barcelona\",\"isPartOf\":{\"@id\":\"https:\/\/www.sirius-telecom.com\/#website\"},\"datePublished\":\"2019-09-20T08:03:58+00:00\",\"dateModified\":\"2021-08-26T11:22:07+00:00\",\"breadcrumb\":{\"@id\":\"https:\/\/www.sirius-telecom.com\/politica-de-privacidad\/#breadcrumb\"},\"inLanguage\":\"es\",\"potentialAction\":[{\"@type\":\"ReadAction\",\"target\":[\"https:\/\/www.sirius-telecom.com\/politica-de-privacidad\/\"]}]},{\"@type\":\"BreadcrumbList\",\"@id\":\"https:\/\/www.sirius-telecom.com\/politica-de-privacidad\/#breadcrumb\",\"itemListElement\":[{\"@type\":\"ListItem\",\"position\":1,\"name\":\"Portada\",\"item\":\"https:\/\/www.sirius-telecom.com\/es\/\"},{\"@type\":\"ListItem\",\"position\":2,\"name\":\"Pol\u00edtica de privacidad\"}]},{\"@type\":\"WebSite\",\"@id\":\"https:\/\/www.sirius-telecom.com\/#website\",\"url\":\"https:\/\/www.sirius-telecom.com\/\",\"name\":\"SIRIUS TELECOM - Telecommunications Engineering Barcelona\",\"description\":\"Engineering and consulting in Projects, Optional Management, FTTH, , Building projects and Civil Engineering\",\"potentialAction\":[{\"@type\":\"SearchAction\",\"target\":{\"@type\":\"EntryPoint\",\"urlTemplate\":\"https:\/\/www.sirius-telecom.com\/?s={search_term_string}\"},\"query-input\":\"required name=search_term_string\"}],\"inLanguage\":\"es\"}]}<\/script>","yoast_head_json":{"title":"Pol\u00edtica de privacidad - SIRIUS TELECOM - Telecommunications Engineering Barcelona","robots":{"index":"index","follow":"follow","max-snippet":"max-snippet:-1","max-image-preview":"max-image-preview:large","max-video-preview":"max-video-preview:-1"},"canonical":"https:\/\/www.sirius-telecom.com\/politica-de-privacidad\/","og_locale":"es_ES","og_type":"article","og_title":"Pol\u00edtica de privacidad - SIRIUS TELECOM - Telecommunications Engineering Barcelona","og_description":"[vc_row css=&#8221;.vc_custom_1571909928105{margin-top: 35px !important;}&#8221;][vc_column][\/vc_column][\/vc_row][vc_row][vc_column][vc_column_text]La privacidad es una prioridad en Sirius-telecom.com Como responsable de esta web, queremos ofrecerte las mayores garant\u00edas [&hellip;]","og_url":"https:\/\/www.sirius-telecom.com\/politica-de-privacidad\/","og_site_name":"SIRIUS TELECOM - Telecommunications Engineering Barcelona","article_modified_time":"2021-08-26T11:22:07+00:00","twitter_card":"summary_large_image","twitter_misc":{"Tiempo de lectura":"4 minutos"},"schema":{"@context":"https:\/\/schema.org","@graph":[{"@type":"WebPage","@id":"https:\/\/www.sirius-telecom.com\/politica-de-privacidad\/","url":"https:\/\/www.sirius-telecom.com\/politica-de-privacidad\/","name":"Pol\u00edtica de privacidad - SIRIUS TELECOM - Telecommunications Engineering Barcelona","isPartOf":{"@id":"https:\/\/www.sirius-telecom.com\/#website"},"datePublished":"2019-09-20T08:03:58+00:00","dateModified":"2021-08-26T11:22:07+00:00","breadcrumb":{"@id":"https:\/\/www.sirius-telecom.com\/politica-de-privacidad\/#breadcrumb"},"inLanguage":"es","potentialAction":[{"@type":"ReadAction","target":["https:\/\/www.sirius-telecom.com\/politica-de-privacidad\/"]}]},{"@type":"BreadcrumbList","@id":"https:\/\/www.sirius-telecom.com\/politica-de-privacidad\/#breadcrumb","itemListElement":[{"@type":"ListItem","position":1,"name":"Portada","item":"https:\/\/www.sirius-telecom.com\/es\/"},{"@type":"ListItem","position":2,"name":"Pol\u00edtica de privacidad"}]},{"@type":"WebSite","@id":"https:\/\/www.sirius-telecom.com\/#website","url":"https:\/\/www.sirius-telecom.com\/","name":"SIRIUS TELECOM - Telecommunications Engineering Barcelona","description":"Engineering and consulting in Projects, Optional Management, FTTH, , Building projects and Civil Engineering","potentialAction":[{"@type":"SearchAction","target":{"@type":"EntryPoint","urlTemplate":"https:\/\/www.sirius-telecom.com\/?s={search_term_string}"},"query-input":"required name=search_term_string"}],"inLanguage":"es"}]}},"_links":{"self":[{"href":"https:\/\/www.sirius-telecom.com\/es\/wp-json\/wp\/v2\/pages\/3"}],"collection":[{"href":"https:\/\/www.sirius-telecom.com\/es\/wp-json\/wp\/v2\/pages"}],"about":[{"href":"https:\/\/www.sirius-telecom.com\/es\/wp-json\/wp\/v2\/types\/page"}],"author":[{"embeddable":true,"href":"https:\/\/www.sirius-telecom.com\/es\/wp-json\/wp\/v2\/users\/1"}],"replies":[{"embeddable":true,"href":"https:\/\/www.sirius-telecom.com\/es\/wp-json\/wp\/v2\/comments?post=3"}],"version-history":[{"count":8,"href":"https:\/\/www.sirius-telecom.com\/es\/wp-json\/wp\/v2\/pages\/3\/revisions"}],"predecessor-version":[{"id":8651,"href":"https:\/\/www.sirius-telecom.com\/es\/wp-json\/wp\/v2\/pages\/3\/revisions\/8651"}],"wp:attachment":[{"href":"https:\/\/www.sirius-telecom.com\/es\/wp-json\/wp\/v2\/media?parent=3"}],"curies":[{"name":"wp","href":"https:\/\/api.w.org\/{rel}","templated":true}]}}