{"id":5734,"date":"2018-10-22T13:46:39","date_gmt":"2018-10-22T12:46:39","guid":{"rendered":"https:\/\/www.ekko-wp.com\/?page_id=5734"},"modified":"2023-12-28T12:49:19","modified_gmt":"2023-12-28T11:49:19","slug":"proyectos-telco-llaves-en-mano","status":"publish","type":"page","link":"https:\/\/www.sirius-telecom.com\/es\/proyectos-telco-llaves-en-mano\/","title":{"rendered":"Proyectos TELCO"},"content":{"rendered":"<div class=\"wpb-content-wrapper\"><p>[vc_row full_width=&#8221;stretch_row&#8221; content_placement=&#8221;middle&#8221; kd_image_overlay=&#8221;true&#8221; css=&#8221;.vc_custom_1663933079850{background-image: url(https:\/\/www.sirius-telecom.com\/wp-content\/uploads\/2019\/10\/fondo-slider-sred.png?id=7797) !important;background-position: center !important;background-repeat: no-repeat !important;background-size: cover !important;}&#8221; el_class=&#8221;header-tits&#8221;][vc_column css=&#8221;.vc_custom_1663933003488{padding-top: 100px !important;padding-bottom: 110px !important;}&#8221;][vc_column_text]<\/p>\n<h1>DESPLIEGUE DE<\/h1>\n<h2 style=\"color: #f75c7c;\">Redes FTTH<\/h2>\n<p>[\/vc_column_text][\/vc_column][\/vc_row][vc_row content_placement=&#8221;middle&#8221; kd_image_overlay=&#8221;true&#8221; css=&#8221;.vc_custom_1570781209979{background-position: center !important;background-repeat: no-repeat !important;background-size: contain !important;}&#8221;][vc_column css=&#8221;.vc_custom_1663932958869{padding-top: 0px !important;}&#8221; offset=&#8221;vc_hidden-lg vc_hidden-md vc_hidden-sm vc_hidden-xs&#8221;]\n\t\t\t<!-- START ESP Slider Sirius RED REVOLUTION SLIDER 6.6.18 --><p class=\"rs-p-wp-fix\"><\/p>\n\t\t\t<rs-module-wrap id=\"rev_slider_1_1_wrapper\" data-source=\"gallery\" style=\"visibility:hidden;background:#ffffff;padding:0;margin:0px auto;margin-top:0;margin-bottom:0;\">\n\t\t\t\t<rs-module id=\"rev_slider_1_1\" style=\"\" data-version=\"6.6.18\">\n\t\t\t\t\t<rs-slides style=\"overflow: hidden; position: absolute;\">\n\t\t\t\t\t\t<rs-slide style=\"position: absolute;\" data-key=\"rs-1\" data-title=\"Slide 1\" data-anim=\"ms:800;r:0;\" data-in=\"o:0;e:power3.inOut;\" data-out=\"e:power3.out;\">\n\t\t\t\t\t\t\t<img decoding=\"async\" src=\"\/\/www.sirius-telecom.com\/wp-content\/plugins\/revslider\/public\/assets\/assets\/dummy.png\" alt=\"\" title=\"fondo-slider-sred\" width=\"1600\" height=\"462\" class=\"rev-slidebg tp-rs-img rs-lazyload\" data-lazyload=\"\/\/www.sirius-telecom.com\/wp-content\/uploads\/2019\/10\/fondo-slider-sred.png\" data-parallax=\"10\" data-no-retina>\n<!--\n\t\t\t\t\t\t\t--><rs-layer\n\t\t\t\t\t\t\t\tid=\"slider-1-slide-1-layer-10\" \n\t\t\t\t\t\t\t\tdata-type=\"image\"\n\t\t\t\t\t\t\t\tdata-rsp_ch=\"on\"\n\t\t\t\t\t\t\t\tdata-xy=\"xo:193px,40px,43px,16px;yo:100px,35px,51px,63px;\"\n\t\t\t\t\t\t\t\tdata-text=\"w:normal;s:20,12,9,4;l:0,16,12,6;\"\n\t\t\t\t\t\t\t\tdata-dim=\"w:622px,398px,287px,239px;h:195px,124px,90px,75px;\"\n\t\t\t\t\t\t\t\tdata-frame_999=\"o:0;st:w;\"\n\t\t\t\t\t\t\t\tstyle=\"z-index:5;\"\n\t\t\t\t\t\t\t><img decoding=\"async\" src=\"\/\/www.sirius-telecom.com\/wp-content\/plugins\/revslider\/public\/assets\/assets\/dummy.png\" alt=\"\" class=\"tp-rs-img rs-lazyload\" width=\"622\" height=\"195\" data-lazyload=\"\/\/www.sirius-telecom.com\/wp-content\/uploads\/2021\/06\/SLIDERS-SERVICIOS-redes-ftth.png\" data-no-retina> \n\t\t\t\t\t\t\t<\/rs-layer><!--\n-->\t\t\t\t\t\t<\/rs-slide>\n\t\t\t\t\t<\/rs-slides>\n\t\t\t\t\t<rs-static-layers><!--\n\t\t\t\t\t--><\/rs-static-layers>\n\t\t\t\t<\/rs-module>\n\t\t\t\t<script>\n\t\t\t\t\tsetREVStartSize({c: 'rev_slider_1_1',rl:[1240,1024,778,480],el:[400,200,200,200],gw:[1600,1024,778,380],gh:[400,200,200,200],type:'standard',justify:'',layout:'fullwidth',mh:\"0\"});if (window.RS_MODULES!==undefined && window.RS_MODULES.modules!==undefined && window.RS_MODULES.modules[\"revslider11\"]!==undefined) {window.RS_MODULES.modules[\"revslider11\"].once = false;window.revapi1 = undefined;if (window.RS_MODULES.checkMinimal!==undefined) window.RS_MODULES.checkMinimal()}\n\t\t\t\t<\/script>\n\t\t\t<\/rs-module-wrap>\n\t\t\t<!-- END REVOLUTION SLIDER -->\n[\/vc_column][\/vc_row][vc_row full_width=&#8221;stretch_row&#8221; parallax=&#8221;content-moving&#8221; css=&#8221;.vc_custom_1690369304060{padding-top: 50px !important;padding-bottom: 30px !important;background-color: #020202 !important;}&#8221; top_section_title=&#8221;&#8221; bottom_section_title=&#8221;&#8221;][vc_column][vc_row_inner][vc_column_inner width=&#8221;1\/3&#8243; offset=&#8221;vc_col-lg-4 vc_col-md-12&#8243; css=&#8221;.vc_custom_1569486821495{padding-right: 20px !important;padding-left: 0px !important;}&#8221;]<header class=\"kd-section-title col-lg-12 text-left  kd-animated fadeIn  \" data-animation-delay=200><h2 class=\"separator_off\" style=\"color: #ffffff;font-size: 27px;\">Consultor\u00eda, ingenier\u00eda y llaves en mano para despliegues de Fibra \u00d3ptica. (FTTH)<\/h2><\/header>[\/vc_column_inner][vc_column_inner width=&#8221;1\/3&#8243; offset=&#8221;vc_col-lg-4 vc_col-md-6&#8243;][vc_column_text]<\/p>\n<p style=\"text-align: justify;\"><span style=\"color: #ffffff;\">Consultor\u00eda, ingenier\u00eda y llaves en mano para acometer despliegues de Fibra \u00d3ptica integrales, (FTTH) en \u00e1mbito tanto nacional como internacional, prestando servicio integral a operadores de servicios de telecomunicaci\u00f3n en el mercado.<\/span><\/p>\n<p>[\/vc_column_text][\/vc_column_inner][vc_column_inner width=&#8221;1\/3&#8243; offset=&#8221;vc_col-lg-4 vc_col-md-6&#8243;][vc_column_text]<\/p>\n<p style=\"text-align: left;\"><span style=\"color: #ffffff;\">Dise\u00f1amos, construimos y ofrecemos mantenimiento de despliegues de red de fibra \u00f3ptica existentes.<\/span><\/p>\n<p>[\/vc_column_text][\/vc_column_inner][\/vc_row_inner][\/vc_column][\/vc_row][vc_row full_width=&#8221;stretch_row_content_no_spaces&#8221; equal_height=&#8221;yes&#8221; content_placement=&#8221;middle&#8221; css=&#8221;.vc_custom_1690369359778{background-color: #020202 !important;}&#8221; top_section_title=&#8221;&#8221; bottom_section_title=&#8221;&#8221;][vc_column width=&#8221;1\/2&#8243; css=&#8221;.vc_custom_1522316929719{padding-top: 0px !important;}&#8221; offset=&#8221;vc_col-lg-6 vc_col-md-12&#8243;][vc_row_inner css=&#8221;.vc_custom_1570784665113{padding-top: 100px !important;padding-bottom: 136px !important;background-image: url(https:\/\/www.sirius-telecom.com\/wp-content\/uploads\/2019\/10\/sirius-RED-img-cont3.jpg?id=7909) !important;background-position: center !important;background-repeat: no-repeat !important;background-size: cover !important;}&#8221;][vc_column_inner css=&#8221;.vc_custom_1511789291663{padding-top: 0px !important;padding-bottom: 0px !important;}&#8221;][vc_empty_space height=&#8221;200px&#8221;][\/vc_column_inner][\/vc_row_inner][\/vc_column][vc_column width=&#8221;1\/2&#8243; offset=&#8221;vc_col-lg-6 vc_col-md-12&#8243;][vc_row_inner content_placement=&#8221;middle&#8221; css=&#8221;.vc_custom_1570783681425{padding-top: 5px !important;}&#8221;][vc_column_inner offset=&#8221;vc_hidden-xs&#8221;][vc_column_text css=&#8221;.vc_custom_1690369371525{padding-right: 50px !important;padding-left: 50px !important;}&#8221;]<\/p>\n<h3><span style=\"color: #ffffff;\"><strong>PROYECTOS ICT<\/strong><\/span><\/h3>\n<p><span style=\"color: #ffffff;\">Llaves en mano de proyectos ICT, Dise\u00f1o, Ejecuci\u00f3n y Legalizaci\u00f3n y Direcci\u00f3n Facultativa. Se plantea tambi\u00e9n el asesoramiento para la conexi\u00f3n a infraestructura existente (enganche operador)<\/span><br \/>\n<span style=\"color: #ffffff;\">Analizamos en un breve espacio de tiempo la mejor opci\u00f3n de dise\u00f1o para obtener el equilibrio entre tiempos de ejecuci\u00f3n de dise\u00f1o, ejecuci\u00f3n de obra y an\u00e1lisis financieros<\/span>[\/vc_column_text][\/vc_column_inner][\/vc_row_inner][\/vc_column][\/vc_row][vc_row full_width=&#8221;stretch_row_content_no_spaces&#8221; equal_height=&#8221;yes&#8221; content_placement=&#8221;middle&#8221; css=&#8221;.vc_custom_1570784227454{background-color: #f7f7f7 !important;}&#8221;][vc_column width=&#8221;1\/2&#8243; css=&#8221;.vc_custom_1690369388573{padding-top: 0px !important;background-color: #020202 !important;}&#8221; offset=&#8221;vc_col-lg-6 vc_col-md-12&#8243;][vc_column_text css=&#8221;.vc_custom_1690369379950{padding-right: 50px !important;padding-left: 50px !important;}&#8221;]<\/p>\n<h3><span style=\"color: #ffffff;\">Realizamos cableado estructurado, voz y datos para dentro del edificio. Dise\u00f1o, ejecuci\u00f3n y comprobaci\u00f3n\/certificaci\u00f3n categor\u00eda y reporte.<\/span><\/h3>\n<p>[\/vc_column_text][\/vc_column][vc_column width=&#8221;1\/2&#8243; offset=&#8221;vc_col-lg-6 vc_col-md-12&#8243;][vc_row_inner css=&#8221;.vc_custom_1570784207438{padding-top: 100px !important;padding-bottom: 136px !important;background-image: url(https:\/\/www.sirius-telecom.com\/wp-content\/uploads\/2019\/09\/stb-fot1.png?id=7721) !important;background-position: center !important;background-repeat: no-repeat !important;background-size: cover !important;}&#8221;][vc_column_inner css=&#8221;.vc_custom_1511789291663{padding-top: 0px !important;padding-bottom: 0px !important;}&#8221;][vc_empty_space height=&#8221;200px&#8221;][\/vc_column_inner][\/vc_row_inner][\/vc_column][\/vc_row][vc_row full_width=&#8221;stretch_row&#8221; css=&#8221;.vc_custom_1690369401408{background-image: url(https:\/\/www.sirius-telecom.com\/wp-content\/uploads\/2023\/07\/Sirius-Telecom-Web-negro-img5.jpg?id=9413) !important;background-position: center !important;background-repeat: no-repeat !important;background-size: cover !important;}&#8221; top_section_title=&#8221;&#8221; bottom_section_title=&#8221;&#8221;][vc_column][vc_row_inner css=&#8221;.vc_custom_1511348417220{padding-top: 100px !important;padding-bottom: 100px !important;}&#8221;][vc_column_inner width=&#8221;1\/4&#8243;][\/vc_column_inner][vc_column_inner width=&#8221;1\/2&#8243;]<header class=\"kd-section-title col-lg-12 text-center  kd-animated fadeIn   vc_custom_1690369408122\" data-animation-delay=200><h2 class=\"separator_off\" style=\"color: #ffffff;\">PONTE EN CONTACTO O P\u00cdDE UN PRESUPUESTO PERSONALIZADO<\/h2><\/header><a  href=\"#\"  target=\"_self\"  title=\"\" class=\"tt_button tt_primary_button btn_secondary_color  button-center   kd-animated zoomIn panel-trigger-btn\" data-animation-delay=200><span class=\"prim_text\">\u00bfEMPEZAMOS?<\/span><\/a>[\/vc_column_inner][vc_column_inner width=&#8221;1\/4&#8243;][\/vc_column_inner][\/vc_row_inner][\/vc_column][\/vc_row]<\/p>\n<\/div>","protected":false},"excerpt":{"rendered":"<p>[vc_row full_width=&#8221;stretch_row&#8221; content_placement=&#8221;middle&#8221; kd_image_overlay=&#8221;true&#8221; css=&#8221;.vc_custom_1663933079850{background-image: url(https:\/\/www.sirius-telecom.com\/wp-content\/uploads\/2019\/10\/fondo-slider-sred.png?id=7797) !important;background-position: center !important;background-repeat: no-repeat !important;background-size: cover !important;}&#8221; el_class=&#8221;header-tits&#8221;][vc_column css=&#8221;.vc_custom_1663933003488{padding-top: 100px !important;padding-bottom: 110px !important;}&#8221;][vc_column_text] DESPLIEGUE [&hellip;]<\/p>\n","protected":false},"author":1,"featured_media":0,"parent":0,"menu_order":0,"comment_status":"closed","ping_status":"closed","template":"","meta":{"footnotes":""},"yoast_head":"<title>Proyectos TELCO - SIRIUS TELECOM - Telecommunications Engineering Barcelona<\/title>\n<meta name=\"robots\" content=\"index, follow, max-snippet:-1, max-image-preview:large, max-video-preview:-1\" \/>\n<link rel=\"canonical\" href=\"https:\/\/www.sirius-telecom.com\/es\/proyectos-telco-llaves-en-mano\/\" \/>\n<meta property=\"og:locale\" content=\"es_ES\" \/>\n<meta property=\"og:type\" content=\"article\" \/>\n<meta property=\"og:title\" content=\"Proyectos TELCO - SIRIUS TELECOM - Telecommunications Engineering Barcelona\" \/>\n<meta property=\"og:description\" content=\"[vc_row full_width=&#8221;stretch_row&#8221; content_placement=&#8221;middle&#8221; kd_image_overlay=&#8221;true&#8221; css=&#8221;.vc_custom_1663933079850{background-image: url(https:\/\/www.sirius-telecom.com\/wp-content\/uploads\/2019\/10\/fondo-slider-sred.png?id=7797) !important;background-position: center !important;background-repeat: no-repeat !important;background-size: cover !important;}&#8221; el_class=&#8221;header-tits&#8221;][vc_column css=&#8221;.vc_custom_1663933003488{padding-top: 100px !important;padding-bottom: 110px !important;}&#8221;][vc_column_text] DESPLIEGUE [&hellip;]\" \/>\n<meta property=\"og:url\" content=\"https:\/\/www.sirius-telecom.com\/es\/proyectos-telco-llaves-en-mano\/\" \/>\n<meta property=\"og:site_name\" content=\"SIRIUS TELECOM - Telecommunications Engineering Barcelona\" \/>\n<meta property=\"article:modified_time\" content=\"2023-12-28T11:49:19+00:00\" \/>\n<meta name=\"twitter:card\" content=\"summary_large_image\" \/>\n<meta name=\"twitter:label1\" content=\"Tiempo de lectura\" \/>\n\t<meta name=\"twitter:data1\" content=\"2 minutos\" \/>\n<script type=\"application\/ld+json\" class=\"yoast-schema-graph\">{\"@context\":\"https:\/\/schema.org\",\"@graph\":[{\"@type\":\"WebPage\",\"@id\":\"https:\/\/www.sirius-telecom.com\/es\/proyectos-telco-llaves-en-mano\/\",\"url\":\"https:\/\/www.sirius-telecom.com\/es\/proyectos-telco-llaves-en-mano\/\",\"name\":\"Proyectos TELCO - SIRIUS TELECOM - Telecommunications Engineering Barcelona\",\"isPartOf\":{\"@id\":\"https:\/\/www.sirius-telecom.com\/#website\"},\"datePublished\":\"2018-10-22T12:46:39+00:00\",\"dateModified\":\"2023-12-28T11:49:19+00:00\",\"breadcrumb\":{\"@id\":\"https:\/\/www.sirius-telecom.com\/es\/proyectos-telco-llaves-en-mano\/#breadcrumb\"},\"inLanguage\":\"es\",\"potentialAction\":[{\"@type\":\"ReadAction\",\"target\":[\"https:\/\/www.sirius-telecom.com\/es\/proyectos-telco-llaves-en-mano\/\"]}]},{\"@type\":\"BreadcrumbList\",\"@id\":\"https:\/\/www.sirius-telecom.com\/es\/proyectos-telco-llaves-en-mano\/#breadcrumb\",\"itemListElement\":[{\"@type\":\"ListItem\",\"position\":1,\"name\":\"Portada\",\"item\":\"https:\/\/www.sirius-telecom.com\/es\/\"},{\"@type\":\"ListItem\",\"position\":2,\"name\":\"Proyectos TELCO\"}]},{\"@type\":\"WebSite\",\"@id\":\"https:\/\/www.sirius-telecom.com\/#website\",\"url\":\"https:\/\/www.sirius-telecom.com\/\",\"name\":\"SIRIUS TELECOM - Telecommunications Engineering Barcelona\",\"description\":\"Engineering and consulting in Projects, Optional Management, FTTH, , Building projects and Civil Engineering\",\"potentialAction\":[{\"@type\":\"SearchAction\",\"target\":{\"@type\":\"EntryPoint\",\"urlTemplate\":\"https:\/\/www.sirius-telecom.com\/?s={search_term_string}\"},\"query-input\":\"required name=search_term_string\"}],\"inLanguage\":\"es\"}]}<\/script>","yoast_head_json":{"title":"Proyectos TELCO - SIRIUS TELECOM - Telecommunications Engineering Barcelona","robots":{"index":"index","follow":"follow","max-snippet":"max-snippet:-1","max-image-preview":"max-image-preview:large","max-video-preview":"max-video-preview:-1"},"canonical":"https:\/\/www.sirius-telecom.com\/es\/proyectos-telco-llaves-en-mano\/","og_locale":"es_ES","og_type":"article","og_title":"Proyectos TELCO - SIRIUS TELECOM - Telecommunications Engineering Barcelona","og_description":"[vc_row full_width=&#8221;stretch_row&#8221; content_placement=&#8221;middle&#8221; kd_image_overlay=&#8221;true&#8221; css=&#8221;.vc_custom_1663933079850{background-image: url(https:\/\/www.sirius-telecom.com\/wp-content\/uploads\/2019\/10\/fondo-slider-sred.png?id=7797) !important;background-position: center !important;background-repeat: no-repeat !important;background-size: cover !important;}&#8221; el_class=&#8221;header-tits&#8221;][vc_column css=&#8221;.vc_custom_1663933003488{padding-top: 100px !important;padding-bottom: 110px !important;}&#8221;][vc_column_text] DESPLIEGUE [&hellip;]","og_url":"https:\/\/www.sirius-telecom.com\/es\/proyectos-telco-llaves-en-mano\/","og_site_name":"SIRIUS TELECOM - Telecommunications Engineering Barcelona","article_modified_time":"2023-12-28T11:49:19+00:00","twitter_card":"summary_large_image","twitter_misc":{"Tiempo de lectura":"2 minutos"},"schema":{"@context":"https:\/\/schema.org","@graph":[{"@type":"WebPage","@id":"https:\/\/www.sirius-telecom.com\/es\/proyectos-telco-llaves-en-mano\/","url":"https:\/\/www.sirius-telecom.com\/es\/proyectos-telco-llaves-en-mano\/","name":"Proyectos TELCO - SIRIUS TELECOM - Telecommunications Engineering Barcelona","isPartOf":{"@id":"https:\/\/www.sirius-telecom.com\/#website"},"datePublished":"2018-10-22T12:46:39+00:00","dateModified":"2023-12-28T11:49:19+00:00","breadcrumb":{"@id":"https:\/\/www.sirius-telecom.com\/es\/proyectos-telco-llaves-en-mano\/#breadcrumb"},"inLanguage":"es","potentialAction":[{"@type":"ReadAction","target":["https:\/\/www.sirius-telecom.com\/es\/proyectos-telco-llaves-en-mano\/"]}]},{"@type":"BreadcrumbList","@id":"https:\/\/www.sirius-telecom.com\/es\/proyectos-telco-llaves-en-mano\/#breadcrumb","itemListElement":[{"@type":"ListItem","position":1,"name":"Portada","item":"https:\/\/www.sirius-telecom.com\/es\/"},{"@type":"ListItem","position":2,"name":"Proyectos TELCO"}]},{"@type":"WebSite","@id":"https:\/\/www.sirius-telecom.com\/#website","url":"https:\/\/www.sirius-telecom.com\/","name":"SIRIUS TELECOM - Telecommunications Engineering Barcelona","description":"Engineering and consulting in Projects, Optional Management, FTTH, , Building projects and Civil Engineering","potentialAction":[{"@type":"SearchAction","target":{"@type":"EntryPoint","urlTemplate":"https:\/\/www.sirius-telecom.com\/?s={search_term_string}"},"query-input":"required name=search_term_string"}],"inLanguage":"es"}]}},"_links":{"self":[{"href":"https:\/\/www.sirius-telecom.com\/es\/wp-json\/wp\/v2\/pages\/5734"}],"collection":[{"href":"https:\/\/www.sirius-telecom.com\/es\/wp-json\/wp\/v2\/pages"}],"about":[{"href":"https:\/\/www.sirius-telecom.com\/es\/wp-json\/wp\/v2\/types\/page"}],"author":[{"embeddable":true,"href":"https:\/\/www.sirius-telecom.com\/es\/wp-json\/wp\/v2\/users\/1"}],"replies":[{"embeddable":true,"href":"https:\/\/www.sirius-telecom.com\/es\/wp-json\/wp\/v2\/comments?post=5734"}],"version-history":[{"count":62,"href":"https:\/\/www.sirius-telecom.com\/es\/wp-json\/wp\/v2\/pages\/5734\/revisions"}],"predecessor-version":[{"id":7868,"href":"https:\/\/www.sirius-telecom.com\/es\/wp-json\/wp\/v2\/pages\/5734\/revisions\/7868"}],"wp:attachment":[{"href":"https:\/\/www.sirius-telecom.com\/es\/wp-json\/wp\/v2\/media?parent=5734"}],"curies":[{"name":"wp","href":"https:\/\/api.w.org\/{rel}","templated":true}]}}