{"id":7589,"date":"2019-09-25T09:33:36","date_gmt":"2019-09-25T08:33:36","guid":{"rendered":"https:\/\/www.sirius-telecom.com\/?page_id=7589"},"modified":"2023-07-26T12:18:30","modified_gmt":"2023-07-26T11:18:30","slug":"sirius-green","status":"publish","type":"page","link":"https:\/\/www.sirius-telecom.com\/es\/sirius-green\/","title":{"rendered":"Proyectos Edificaci\u00f3n. Promotores, Constructores, Ingenieros y arquitectos"},"content":{"rendered":"<div class=\"wpb-content-wrapper\"><p>[vc_row full_width=&#8221;stretch_row&#8221; kd_image_overlay=&#8221;true&#8221; css=&#8221;.vc_custom_1663932379939{background-image: url(https:\/\/www.sirius-telecom.com\/wp-content\/uploads\/2022\/09\/SIRIUS-Telecom-header-page-edification.jpg?id=8718) !important;background-position: center !important;background-repeat: no-repeat !important;background-size: cover !important;}&#8221; el_class=&#8221;header-tits&#8221;][vc_column css=&#8221;.vc_custom_1663932350309{padding-top: 100px !important;padding-bottom: 110px !important;}&#8221;][vc_column_text]<\/p>\n<h1>EDIFICACI\u00d3N Y<\/h1>\n<h2 style=\"color: #c8da64;\">Civil<\/h2>\n<p>[\/vc_column_text][\/vc_column][\/vc_row][vc_row full_width=&#8221;stretch_row&#8221; kd_image_overlay=&#8221;true&#8221;][vc_column css=&#8221;.vc_custom_1663932221978{padding-top: 0px !important;}&#8221; offset=&#8221;vc_hidden-lg vc_hidden-md vc_hidden-sm vc_hidden-xs&#8221;]\n\t\t\t<!-- START Slider Sirius GREEN REVOLUTION SLIDER 6.6.18 --><p class=\"rs-p-wp-fix\"><\/p>\n\t\t\t<rs-module-wrap id=\"rev_slider_4_1_wrapper\" data-source=\"gallery\" style=\"visibility:hidden;background:#ffffff;padding:0;margin:0px auto;margin-top:0;margin-bottom:0;\">\n\t\t\t\t<rs-module id=\"rev_slider_4_1\" style=\"\" data-version=\"6.6.18\">\n\t\t\t\t\t<rs-slides style=\"overflow: hidden; position: absolute;\">\n\t\t\t\t\t\t<rs-slide style=\"position: absolute;\" data-key=\"rs-6\" data-title=\"Slide 1\" data-anim=\"ms:800;r:0;\" data-in=\"o:0;e:power3.inOut;\" data-out=\"e:power3.out;\">\n\t\t\t\t\t\t\t<img decoding=\"async\" src=\"\/\/www.sirius-telecom.com\/wp-content\/plugins\/revslider\/public\/assets\/assets\/dummy.png\" alt=\"\" title=\"SIRIUS-Telecom-header-page-edification\" width=\"1920\" height=\"555\" class=\"rev-slidebg tp-rs-img rs-lazyload\" data-lazyload=\"\/\/www.sirius-telecom.com\/wp-content\/uploads\/2022\/09\/SIRIUS-Telecom-header-page-edification.jpg\" data-parallax=\"10\" data-no-retina>\n<!--\n\t\t\t\t\t\t\t--><rs-layer\n\t\t\t\t\t\t\t\tid=\"slider-4-slide-6-layer-10\" \n\t\t\t\t\t\t\t\tdata-type=\"image\"\n\t\t\t\t\t\t\t\tdata-rsp_ch=\"on\"\n\t\t\t\t\t\t\t\tdata-xy=\"xo:202px,52px,41px,23px;yo:90px,36px,32px,61px;\"\n\t\t\t\t\t\t\t\tdata-text=\"w:normal;s:20,12,9,4;l:0,16,12,6;\"\n\t\t\t\t\t\t\t\tdata-dim=\"w:622px,398px,411px,227px;h:195px,124px,129px,71px;\"\n\t\t\t\t\t\t\t\tdata-frame_999=\"o:0;st:w;\"\n\t\t\t\t\t\t\t\tstyle=\"z-index:5;\"\n\t\t\t\t\t\t\t><img decoding=\"async\" src=\"\/\/www.sirius-telecom.com\/wp-content\/plugins\/revslider\/public\/assets\/assets\/dummy.png\" alt=\"\" class=\"tp-rs-img rs-lazyload\" width=\"622\" height=\"195\" data-lazyload=\"\/\/www.sirius-telecom.com\/wp-content\/uploads\/2021\/06\/SLIDERS-SERVICIOS-EDI-CIVIL-3.png\" data-no-retina> \n\t\t\t\t\t\t\t<\/rs-layer><!--\n-->\t\t\t\t\t\t<\/rs-slide>\n\t\t\t\t\t<\/rs-slides>\n\t\t\t\t\t<rs-static-layers><!--\n\t\t\t\t\t--><\/rs-static-layers>\n\t\t\t\t<\/rs-module>\n\t\t\t\t<script>\n\t\t\t\t\tsetREVStartSize({c: 'rev_slider_4_1',rl:[1240,1024,778,480],el:[400,200,200,200],gw:[1600,1024,778,380],gh:[400,200,200,200],type:'standard',justify:'',layout:'fullwidth',mh:\"0\"});if (window.RS_MODULES!==undefined && window.RS_MODULES.modules!==undefined && window.RS_MODULES.modules[\"revslider41\"]!==undefined) {window.RS_MODULES.modules[\"revslider41\"].once = false;window.revapi4 = undefined;if (window.RS_MODULES.checkMinimal!==undefined) window.RS_MODULES.checkMinimal()}\n\t\t\t\t<\/script>\n\t\t\t<\/rs-module-wrap>\n\t\t\t<!-- END REVOLUTION SLIDER -->\n[\/vc_column][\/vc_row][vc_row full_width=&#8221;stretch_row&#8221; parallax=&#8221;content-moving&#8221; css=&#8221;.vc_custom_1690370178966{padding-top: 50px !important;padding-bottom: 50px !important;background-color: #020202 !important;}&#8221; top_section_title=&#8221;&#8221; bottom_section_title=&#8221;&#8221;][vc_column][vc_row_inner][vc_column_inner width=&#8221;1\/3&#8243; offset=&#8221;vc_col-lg-4 vc_col-md-12&#8243; css=&#8221;.vc_custom_1569486821495{padding-right: 20px !important;padding-left: 0px !important;}&#8221;]<header class=\"kd-section-title col-lg-12 text-left  kd-animated fadeIn  \" data-animation-delay=200><h2 class=\"separator_off\" style=\"color: #ffffff;font-size: 28px;\">Proyectos Edificaci\u00f3n. Promotores, Constructores, Ingenieros y arquitectos<\/h2><\/header>[\/vc_column_inner][vc_column_inner width=&#8221;1\/3&#8243; offset=&#8221;vc_col-lg-4 vc_col-md-6&#8243; css=&#8221;.vc_custom_1622542055204{padding-top: 5px !important;}&#8221;][vc_column_text]<\/p>\n<p style=\"text-align: justify;\"><span style=\"color: #ffffff;\">Derribos (instalaci\u00f3n provisional), Proyectos ICT, Ejecuci\u00f3n OC conexi\u00f3n a infraestructura, Instalaci\u00f3n cableado estructurado interior y Gesti\u00f3n acometida TELCO , variaci\u00f3n de operador\/es.<\/span><\/p>\n<p>[\/vc_column_text][\/vc_column_inner][vc_column_inner width=&#8221;1\/3&#8243; offset=&#8221;vc_col-lg-4 vc_col-md-6&#8243; css=&#8221;.vc_custom_1622542063882{padding-top: 5px !important;}&#8221;][vc_column_text]<\/p>\n<p style=\"text-align: justify;\"><span style=\"color: #ffffff;\">Ofrecemos servicio de consultor\u00eda especializada en procesos de negocio abiertos.<\/span><\/p>\n<p>[\/vc_column_text][\/vc_column_inner][\/vc_row_inner][\/vc_column][\/vc_row][vc_row full_width=&#8221;stretch_row_content_no_spaces&#8221; equal_height=&#8221;yes&#8221; content_placement=&#8221;middle&#8221; css=&#8221;.vc_custom_1690370207406{background-color: #020202 !important;}&#8221; top_section_title=&#8221;&#8221; bottom_section_title=&#8221;&#8221;][vc_column width=&#8221;1\/2&#8243; offset=&#8221;vc_col-lg-6 vc_col-md-12 vc_hidden-xs&#8221; css=&#8221;.vc_custom_1665999671668{padding-right: 5% !important;padding-left: 5% !important;}&#8221;][vc_column_text css=&#8221;.vc_custom_1690370214204{padding-left: 17% !important;}&#8221;]<\/p>\n<h3 style=\"text-align: left;\"><span style=\"color: #ffffff;\">LLAVES EN MANO PROYECTO ICT<\/span><\/h3>\n<p style=\"text-align: left;\"><span style=\"color: #ffffff;\">CONSULTOR\u00cdA Y ASESORAMIENTO DE TELECOMUNICACI\u00d3N EN <b>NUEVAS PROMOCIONES, REHABILITACIONES Y EDIFICACI\u00d3N<\/b><\/span><\/p>\n<p><span style=\"color: #ffffff;\"><strong>Derribos (instalaci\u00f3n provisional),<\/strong><\/span><\/p>\n<p><span style=\"color: #ffffff;\"><strong>Proyectos ICT<\/strong><\/span><\/p>\n<p><span style=\"color: #ffffff;\"><strong>Ejecuci\u00f3n OC conexi\u00f3n a infraestructura<\/strong><\/span><\/p>\n<p><span style=\"color: #ffffff;\"><strong>Instalaci\u00f3n cableado estructurado interior<\/strong><\/span><\/p>\n<p><span style=\"color: #ffffff;\"><strong>Gesti\u00f3n acometida TELCO , variaci\u00f3n de operador\/es.<\/strong><\/span>[\/vc_column_text][\/vc_column][vc_column width=&#8221;1\/2&#8243; css=&#8221;.vc_custom_1665999678145{background-position: center !important;background-repeat: no-repeat !important;background-size: cover !important;}&#8221; offset=&#8221;vc_hidden-xs&#8221;][vc_row_inner css=&#8221;.vc_custom_1665999421756{padding-top: 180px !important;padding-bottom: 180px !important;background-image: url(https:\/\/www.sirius-telecom.com\/wp-content\/uploads\/2022\/10\/SIRIUS-GREEN-fotsec2-3.jpg?id=9245) !important;background-position: center !important;background-repeat: no-repeat !important;background-size: cover !important;}&#8221;][vc_column_inner css=&#8221;.vc_custom_1622621319573{padding-top: 0px !important;padding-bottom: 0px !important;}&#8221;][vc_empty_space height=&#8221;350px&#8221;][\/vc_column_inner][\/vc_row_inner][\/vc_column][\/vc_row][vc_row full_width=&#8221;stretch_row_content_no_spaces&#8221; equal_height=&#8221;yes&#8221; content_placement=&#8221;middle&#8221; css=&#8221;.vc_custom_1690370224844{background-color: #020202 !important;}&#8221; top_section_title=&#8221;&#8221; bottom_section_title=&#8221;&#8221;][vc_column width=&#8221;1\/2&#8243; offset=&#8221;vc_col-lg-6 vc_hidden-lg vc_col-md-12 vc_hidden-md vc_hidden-sm&#8221; css=&#8221;.vc_custom_1665999657772{padding-right: 5% !important;padding-left: 5% !important;}&#8221;][vc_row_inner css=&#8221;.vc_custom_1665999421756{padding-top: 180px !important;padding-bottom: 180px !important;background-image: url(https:\/\/www.sirius-telecom.com\/wp-content\/uploads\/2022\/10\/SIRIUS-GREEN-fotsec2-3.jpg?id=9245) !important;background-position: center !important;background-repeat: no-repeat !important;background-size: cover !important;}&#8221;][vc_column_inner css=&#8221;.vc_custom_1622621319573{padding-top: 0px !important;padding-bottom: 0px !important;}&#8221;][vc_empty_space height=&#8221;350px&#8221;][\/vc_column_inner][\/vc_row_inner][\/vc_column][vc_column width=&#8221;1\/2&#8243; css=&#8221;.vc_custom_1665999664534{background-position: center !important;background-repeat: no-repeat !important;background-size: cover !important;}&#8221; offset=&#8221;vc_hidden-lg vc_hidden-md vc_hidden-sm&#8221;][vc_column_text css=&#8221;.vc_custom_1690370230946{padding-top: 30px !important;padding-right: 10% !important;padding-bottom: 30px !important;padding-left: 10% !important;}&#8221;]<\/p>\n<h3 style=\"text-align: left;\"><span style=\"color: #ffffff;\">LLAVES EN MANO PROYECTO ICT<\/span><\/h3>\n<p style=\"text-align: left;\"><span style=\"color: #ffffff;\">CONSULTOR\u00cdA Y ASESORAMIENTO DE TELECOMUNICACI\u00d3N EN <b>NUEVAS PROMOCIONES, REHABILITACIONES Y EDIFICACI\u00d3N<\/b><\/span><\/p>\n<p><span style=\"color: #ffffff;\"><strong>Derribos (instalaci\u00f3n provisional),<\/strong><\/span><\/p>\n<p><span style=\"color: #ffffff;\"><strong>Proyectos ICT<\/strong><\/span><\/p>\n<p><span style=\"color: #ffffff;\"><strong>Ejecuci\u00f3n OC conexi\u00f3n a infraestructura<\/strong><\/span><\/p>\n<p><span style=\"color: #ffffff;\"><strong>Instalaci\u00f3n cableado estructurado interior<\/strong><\/span><\/p>\n<p><span style=\"color: #ffffff;\"><strong>Gesti\u00f3n acometida TELCO , variaci\u00f3n de operador\/es.<\/strong><\/span>[\/vc_column_text][\/vc_column][\/vc_row][vc_row full_width=&#8221;stretch_row_content_no_spaces&#8221; gap=&#8221;10&#8243; equal_height=&#8221;yes&#8221; content_placement=&#8221;middle&#8221; css=&#8221;.vc_custom_1690370238613{background-color: #020202 !important;}&#8221; top_section_title=&#8221;&#8221; bottom_section_title=&#8221;&#8221;][vc_column width=&#8221;1\/2&#8243; offset=&#8221;vc_col-lg-6 vc_col-md-12 vc_hidden-xs&#8221;][vc_row_inner css=&#8221;.vc_custom_1622541217416{padding-top: 180px !important;padding-bottom: 180px !important;background-image: url(https:\/\/www.sirius-telecom.com\/wp-content\/uploads\/2021\/06\/SIRIUS-GREEN-fotsec2-3.jpg?id=8572) !important;background-position: center !important;background-repeat: no-repeat !important;background-size: cover !important;}&#8221;][vc_column_inner css=&#8221;.vc_custom_1511789291663{padding-top: 0px !important;padding-bottom: 0px !important;}&#8221;][vc_empty_space height=&#8221;380px&#8221;][\/vc_column_inner][\/vc_row_inner][\/vc_column][vc_column width=&#8221;1\/2&#8243; offset=&#8221;vc_col-lg-6 vc_col-md-12 vc_hidden-xs&#8221; css=&#8221;.vc_custom_1665999898324{padding-right: 5% !important;padding-left: 5% !important;}&#8221;][vc_column_text css=&#8221;.vc_custom_1690370244829{padding-top: 50px !important;padding-right: 17% !important;}&#8221;]<\/p>\n<h3><span style=\"color: #ffffff;\">CONSULTORIA EN \u00c1MBITO EDIFICACI\u00d3N Y CIVIL<\/span><\/h3>\n<p><span style=\"color: #ffffff;\"><b>DERRIBOS. Instalaci\u00f3n provisional<\/b><\/span><\/p>\n<p><span style=\"color: #ffffff;\">An\u00e1lisis y consultor\u00eda del trazado de los distintos cables de telco instalados dentro o fuera de los edificios y naves industriales y del mapa de operadores relacionados, as\u00ed como la sujeci\u00f3n y amarre de forma provisional y segura del cableado.<\/span><\/p>\n<p><span style=\"color: #ffffff;\"><b>PROYECTO IC<\/b><b>T<\/b><\/span><\/p>\n<p><span style=\"color: #ffffff;\">El valor a\u00f1adido es que conociendo la Fase 1,\u00a0 en el dise\u00f1o del proyecto ejecutivo ICT, aportamos el asesoramiento de conexi\u00f3n a la infraestructura existente y gestionamos la acometida de telecomunicaciones del edificio con los distintos operadores de telecomunicaciones.<\/span><\/p>\n<p><span style=\"color: #ffffff;\"><b>EJECUCI\u00d3N DE LA OBRA CIVIL DE CONEXI\u00d3N<\/b><\/span><\/p>\n<p><span style=\"color: #ffffff;\">En esta fase Sirius Telecom se encarga tanto de la tramitaci\u00f3n de permisos oficiales como de la obra civil para enganche del edificio con la infraestructura existente del\/los operador\/es.<\/span><\/p>\n<p><span style=\"color: #ffffff;\"><b>INSTALACI\u00d3N<\/b> <b>DEL<\/b> <b>CABLEADO<\/b> <b>ESTRUCTURADO<\/b> <b>EN<\/b> <b>EL EDIFICIO<\/b><\/span><\/p>\n<p><span style=\"color: #ffffff;\">Nos encargamos de la instalaci\u00f3ndel proyecto ICT dise\u00f1ado, aportando Direcci\u00f3n Facultativa, certificaci\u00f3n, verificaci\u00f3n y legalizaci\u00f3n.<\/span><\/p>\n<p><span style=\"color: #ffffff;\"><b>GESTI\u00d3N DE LA ACOMETIDA DE TELCO Y LA VARIACI\u00d3N<\/b><\/span>[\/vc_column_text][\/vc_column][\/vc_row][vc_row full_width=&#8221;stretch_row_content_no_spaces&#8221; gap=&#8221;10&#8243; equal_height=&#8221;yes&#8221; content_placement=&#8221;middle&#8221; css=&#8221;.vc_custom_1690370256455{background-color: #020202 !important;}&#8221; top_section_title=&#8221;&#8221; bottom_section_title=&#8221;&#8221;][vc_column width=&#8221;1\/2&#8243; offset=&#8221;vc_col-lg-6 vc_hidden-lg vc_col-md-12 vc_hidden-md vc_hidden-sm&#8221;][vc_row_inner css=&#8221;.vc_custom_1622541217416{padding-top: 180px !important;padding-bottom: 180px !important;background-image: url(https:\/\/www.sirius-telecom.com\/wp-content\/uploads\/2021\/06\/SIRIUS-GREEN-fotsec2-3.jpg?id=8572) !important;background-position: center !important;background-repeat: no-repeat !important;background-size: cover !important;}&#8221;][vc_column_inner css=&#8221;.vc_custom_1511789291663{padding-top: 0px !important;padding-bottom: 0px !important;}&#8221;][vc_empty_space height=&#8221;380px&#8221;][\/vc_column_inner][\/vc_row_inner][\/vc_column][vc_column width=&#8221;1\/2&#8243; offset=&#8221;vc_col-lg-6 vc_hidden-lg vc_col-md-12 vc_hidden-md vc_hidden-sm&#8221; css=&#8221;.vc_custom_1665999921289{padding-right: 5% !important;padding-left: 5% !important;}&#8221;][vc_column_text css=&#8221;.vc_custom_1690370263183{padding-top: 50px !important;padding-right: 10% !important;padding-left: 10% !important;}&#8221;]<\/p>\n<h3><span style=\"color: #ffffff;\">CONSULTORIA EN \u00c1MBITO EDIFICACI\u00d3N Y CIVIL<\/span><\/h3>\n<p><span style=\"color: #ffffff;\"><b>DERRIBOS. Instalaci\u00f3n provisional<\/b><\/span><\/p>\n<p><span style=\"color: #ffffff;\">An\u00e1lisis y consultor\u00eda del trazado de los distintos cables de telco instalados dentro o fuera de los edificios y naves industriales y del mapa de operadores relacionados, as\u00ed como la sujeci\u00f3n y amarre de forma provisional y segura del cableado.<\/span><\/p>\n<p><span style=\"color: #ffffff;\"><b>PROYECTO IC<\/b><b>T<\/b><\/span><\/p>\n<p><span style=\"color: #ffffff;\">El valor a\u00f1adido es que conociendo la Fase 1,\u00a0 en el dise\u00f1o del proyecto ejecutivo ICT, aportamos el asesoramiento de conexi\u00f3n a la infraestructura existente y gestionamos la acometida de telecomunicaciones del edificio con los distintos operadores de telecomunicaciones.<\/span><\/p>\n<p><span style=\"color: #ffffff;\"><b>EJECUCI\u00d3N DE LA OBRA CIVIL DE CONEXI\u00d3N<\/b><\/span><\/p>\n<p><span style=\"color: #ffffff;\">En esta fase Sirius Telecom se encarga tanto de la tramitaci\u00f3n de permisos oficiales como de la obra civil para enganche del edificio con la infraestructura existente del\/los operador\/es.<\/span><\/p>\n<p><span style=\"color: #ffffff;\"><b>INSTALACI\u00d3N<\/b> <b>DEL<\/b> <b>CABLEADO<\/b> <b>ESTRUCTURADO<\/b> <b>EN<\/b> <b>EL EDIFICIO<\/b><\/span><\/p>\n<p><span style=\"color: #ffffff;\">Nos encargamos de la instalaci\u00f3ndel proyecto ICT dise\u00f1ado, aportando Direcci\u00f3n Facultativa, certificaci\u00f3n, verificaci\u00f3n y legalizaci\u00f3n.<\/span><\/p>\n<p><span style=\"color: #ffffff;\"><b>GESTI\u00d3N DE LA ACOMETIDA DE TELCO Y LA VARIACI\u00d3N<\/b><\/span>[\/vc_column_text][\/vc_column][\/vc_row][vc_row full_width=&#8221;stretch_row&#8221; equal_height=&#8221;yes&#8221; css=&#8221;.vc_custom_1690370273627{padding-bottom: 40px !important;background-color: #020202 !important;}&#8221; top_section_title=&#8221;&#8221; bottom_section_title=&#8221;&#8221;][vc_column width=&#8221;1\/2&#8243; css=&#8221;.vc_custom_1571745007306{padding-right: 50px !important;padding-left: 50px !important;}&#8221; offset=&#8221;vc_col-lg-6 vc_col-md-12&#8243;][vc_column_text css=&#8221;.vc_custom_1690370279844{padding-top: 50px !important;padding-right: 50px !important;padding-left: 50px !important;}&#8221;]<\/p>\n<h3><span style=\"color: #ffffff;\">CABLEADO ESTRUCTURADO Y ANTENA<\/span><\/h3>\n<p><span style=\"color: #ffffff;\">Dise\u00f1o, ejecuci\u00f3n y certificaci\u00f3n.<\/span><\/p>\n<p><span style=\"color: #ffffff;\">Proyecto ejecutivo.<\/span><\/p>\n<p><span style=\"color: #ffffff;\">Direcci\u00f3n facultativa.<\/span><\/p>\n<p><span style=\"color: #ffffff;\">Legalizaci\u00f3n Ind\u00fastria.<\/span>[\/vc_column_text][\/vc_column][vc_column width=&#8221;1\/2&#8243; offset=&#8221;vc_col-lg-6 vc_col-md-12&#8243;][vc_column_text css=&#8221;.vc_custom_1690370286217{padding-top: 50px !important;padding-right: 50px !important;padding-left: 50px !important;}&#8221;]<\/p>\n<h3><span style=\"color: #ffffff;\">AMPLIA EXPERIENCIA EN GESTI\u00d3N Y TRAMITACI\u00d3N DE LICENCIAS\u00a0 Y PERMISOS PARA ACOMETIDAS TELECOMUNICACIONES<\/span><\/h3>\n<p>[\/vc_column_text][\/vc_column][\/vc_row][vc_row full_width=&#8221;stretch_row&#8221; css=&#8221;.vc_custom_1690370296419{background: #f9f9f9 url(https:\/\/www.sirius-telecom.com\/wp-content\/uploads\/2023\/07\/Sirius-Telecom-Web-negro-img5.jpg?id=9413) !important;background-position: center !important;background-repeat: no-repeat !important;background-size: cover !important;}&#8221; top_section_title=&#8221;&#8221; bottom_section_title=&#8221;&#8221;][vc_column][vc_row_inner css=&#8221;.vc_custom_1511348417220{padding-top: 100px !important;padding-bottom: 100px !important;}&#8221;][vc_column_inner width=&#8221;1\/4&#8243;][\/vc_column_inner][vc_column_inner width=&#8221;1\/2&#8243;]<header class=\"kd-section-title col-lg-12 text-center  kd-animated fadeIn   vc_custom_1690370306538\" data-animation-delay=200><h2 class=\"separator_off\" style=\"color: #ffffff;\">PONTE EN CONTACTO O P\u00cdDE UN PRESUPUESTO PERSONALIZADO<\/h2><\/header><a  href=\"#\"  target=\"_self\"  title=\"\" class=\"tt_button tt_primary_button btn_secondary_color  button-center   kd-animated zoomIn panel-trigger-btn\" data-animation-delay=200><span class=\"prim_text\">\u00bfEMPEZAMOS?<\/span><\/a>[\/vc_column_inner][vc_column_inner width=&#8221;1\/4&#8243;][\/vc_column_inner][\/vc_row_inner][\/vc_column][\/vc_row]<\/p>\n<\/div>","protected":false},"excerpt":{"rendered":"<p>[vc_row full_width=&#8221;stretch_row&#8221; kd_image_overlay=&#8221;true&#8221; css=&#8221;.vc_custom_1663932379939{background-image: url(https:\/\/www.sirius-telecom.com\/wp-content\/uploads\/2022\/09\/SIRIUS-Telecom-header-page-edification.jpg?id=8718) !important;background-position: center !important;background-repeat: no-repeat !important;background-size: cover !important;}&#8221; el_class=&#8221;header-tits&#8221;][vc_column css=&#8221;.vc_custom_1663932350309{padding-top: 100px !important;padding-bottom: 110px !important;}&#8221;][vc_column_text] EDIFICACI\u00d3N Y [&hellip;]<\/p>\n","protected":false},"author":1,"featured_media":0,"parent":0,"menu_order":0,"comment_status":"closed","ping_status":"closed","template":"","meta":{"footnotes":""},"yoast_head":"<title>Proyectos Edificaci\u00f3n. Promotores, Constructores, Ingenieros y arquitectos - SIRIUS TELECOM - Telecommunications Engineering Barcelona<\/title>\n<meta name=\"robots\" content=\"index, follow, max-snippet:-1, max-image-preview:large, max-video-preview:-1\" \/>\n<link rel=\"canonical\" href=\"https:\/\/www.sirius-telecom.com\/es\/sirius-green\/\" \/>\n<meta property=\"og:locale\" content=\"es_ES\" \/>\n<meta property=\"og:type\" content=\"article\" \/>\n<meta property=\"og:title\" content=\"Proyectos Edificaci\u00f3n. Promotores, Constructores, Ingenieros y arquitectos - SIRIUS TELECOM - Telecommunications Engineering Barcelona\" \/>\n<meta property=\"og:description\" content=\"[vc_row full_width=&#8221;stretch_row&#8221; kd_image_overlay=&#8221;true&#8221; css=&#8221;.vc_custom_1663932379939{background-image: url(https:\/\/www.sirius-telecom.com\/wp-content\/uploads\/2022\/09\/SIRIUS-Telecom-header-page-edification.jpg?id=8718) !important;background-position: center !important;background-repeat: no-repeat !important;background-size: cover !important;}&#8221; el_class=&#8221;header-tits&#8221;][vc_column css=&#8221;.vc_custom_1663932350309{padding-top: 100px !important;padding-bottom: 110px !important;}&#8221;][vc_column_text] EDIFICACI\u00d3N Y [&hellip;]\" \/>\n<meta property=\"og:url\" content=\"https:\/\/www.sirius-telecom.com\/es\/sirius-green\/\" \/>\n<meta property=\"og:site_name\" content=\"SIRIUS TELECOM - Telecommunications Engineering Barcelona\" \/>\n<meta property=\"article:modified_time\" content=\"2023-07-26T11:18:30+00:00\" \/>\n<meta name=\"twitter:card\" content=\"summary_large_image\" \/>\n<meta name=\"twitter:label1\" content=\"Tiempo de lectura\" \/>\n\t<meta name=\"twitter:data1\" content=\"4 minutos\" \/>\n<script type=\"application\/ld+json\" class=\"yoast-schema-graph\">{\"@context\":\"https:\/\/schema.org\",\"@graph\":[{\"@type\":\"WebPage\",\"@id\":\"https:\/\/www.sirius-telecom.com\/es\/sirius-green\/\",\"url\":\"https:\/\/www.sirius-telecom.com\/es\/sirius-green\/\",\"name\":\"Proyectos Edificaci\u00f3n. Promotores, Constructores, Ingenieros y arquitectos - SIRIUS TELECOM - Telecommunications Engineering Barcelona\",\"isPartOf\":{\"@id\":\"https:\/\/www.sirius-telecom.com\/#website\"},\"datePublished\":\"2019-09-25T08:33:36+00:00\",\"dateModified\":\"2023-07-26T11:18:30+00:00\",\"breadcrumb\":{\"@id\":\"https:\/\/www.sirius-telecom.com\/es\/sirius-green\/#breadcrumb\"},\"inLanguage\":\"es\",\"potentialAction\":[{\"@type\":\"ReadAction\",\"target\":[\"https:\/\/www.sirius-telecom.com\/es\/sirius-green\/\"]}]},{\"@type\":\"BreadcrumbList\",\"@id\":\"https:\/\/www.sirius-telecom.com\/es\/sirius-green\/#breadcrumb\",\"itemListElement\":[{\"@type\":\"ListItem\",\"position\":1,\"name\":\"Portada\",\"item\":\"https:\/\/www.sirius-telecom.com\/es\/\"},{\"@type\":\"ListItem\",\"position\":2,\"name\":\"Proyectos Edificaci\u00f3n. Promotores, Constructores, Ingenieros y arquitectos\"}]},{\"@type\":\"WebSite\",\"@id\":\"https:\/\/www.sirius-telecom.com\/#website\",\"url\":\"https:\/\/www.sirius-telecom.com\/\",\"name\":\"SIRIUS TELECOM - Telecommunications Engineering Barcelona\",\"description\":\"Engineering and consulting in Projects, Optional Management, FTTH, , Building projects and Civil Engineering\",\"potentialAction\":[{\"@type\":\"SearchAction\",\"target\":{\"@type\":\"EntryPoint\",\"urlTemplate\":\"https:\/\/www.sirius-telecom.com\/?s={search_term_string}\"},\"query-input\":\"required name=search_term_string\"}],\"inLanguage\":\"es\"}]}<\/script>","yoast_head_json":{"title":"Proyectos Edificaci\u00f3n. Promotores, Constructores, Ingenieros y arquitectos - SIRIUS TELECOM - Telecommunications Engineering Barcelona","robots":{"index":"index","follow":"follow","max-snippet":"max-snippet:-1","max-image-preview":"max-image-preview:large","max-video-preview":"max-video-preview:-1"},"canonical":"https:\/\/www.sirius-telecom.com\/es\/sirius-green\/","og_locale":"es_ES","og_type":"article","og_title":"Proyectos Edificaci\u00f3n. Promotores, Constructores, Ingenieros y arquitectos - SIRIUS TELECOM - Telecommunications Engineering Barcelona","og_description":"[vc_row full_width=&#8221;stretch_row&#8221; kd_image_overlay=&#8221;true&#8221; css=&#8221;.vc_custom_1663932379939{background-image: url(https:\/\/www.sirius-telecom.com\/wp-content\/uploads\/2022\/09\/SIRIUS-Telecom-header-page-edification.jpg?id=8718) !important;background-position: center !important;background-repeat: no-repeat !important;background-size: cover !important;}&#8221; el_class=&#8221;header-tits&#8221;][vc_column css=&#8221;.vc_custom_1663932350309{padding-top: 100px !important;padding-bottom: 110px !important;}&#8221;][vc_column_text] EDIFICACI\u00d3N Y [&hellip;]","og_url":"https:\/\/www.sirius-telecom.com\/es\/sirius-green\/","og_site_name":"SIRIUS TELECOM - Telecommunications Engineering Barcelona","article_modified_time":"2023-07-26T11:18:30+00:00","twitter_card":"summary_large_image","twitter_misc":{"Tiempo de lectura":"4 minutos"},"schema":{"@context":"https:\/\/schema.org","@graph":[{"@type":"WebPage","@id":"https:\/\/www.sirius-telecom.com\/es\/sirius-green\/","url":"https:\/\/www.sirius-telecom.com\/es\/sirius-green\/","name":"Proyectos Edificaci\u00f3n. Promotores, Constructores, Ingenieros y arquitectos - SIRIUS TELECOM - Telecommunications Engineering Barcelona","isPartOf":{"@id":"https:\/\/www.sirius-telecom.com\/#website"},"datePublished":"2019-09-25T08:33:36+00:00","dateModified":"2023-07-26T11:18:30+00:00","breadcrumb":{"@id":"https:\/\/www.sirius-telecom.com\/es\/sirius-green\/#breadcrumb"},"inLanguage":"es","potentialAction":[{"@type":"ReadAction","target":["https:\/\/www.sirius-telecom.com\/es\/sirius-green\/"]}]},{"@type":"BreadcrumbList","@id":"https:\/\/www.sirius-telecom.com\/es\/sirius-green\/#breadcrumb","itemListElement":[{"@type":"ListItem","position":1,"name":"Portada","item":"https:\/\/www.sirius-telecom.com\/es\/"},{"@type":"ListItem","position":2,"name":"Proyectos Edificaci\u00f3n. Promotores, Constructores, Ingenieros y arquitectos"}]},{"@type":"WebSite","@id":"https:\/\/www.sirius-telecom.com\/#website","url":"https:\/\/www.sirius-telecom.com\/","name":"SIRIUS TELECOM - Telecommunications Engineering Barcelona","description":"Engineering and consulting in Projects, Optional Management, FTTH, , Building projects and Civil Engineering","potentialAction":[{"@type":"SearchAction","target":{"@type":"EntryPoint","urlTemplate":"https:\/\/www.sirius-telecom.com\/?s={search_term_string}"},"query-input":"required name=search_term_string"}],"inLanguage":"es"}]}},"_links":{"self":[{"href":"https:\/\/www.sirius-telecom.com\/es\/wp-json\/wp\/v2\/pages\/7589"}],"collection":[{"href":"https:\/\/www.sirius-telecom.com\/es\/wp-json\/wp\/v2\/pages"}],"about":[{"href":"https:\/\/www.sirius-telecom.com\/es\/wp-json\/wp\/v2\/types\/page"}],"author":[{"embeddable":true,"href":"https:\/\/www.sirius-telecom.com\/es\/wp-json\/wp\/v2\/users\/1"}],"replies":[{"embeddable":true,"href":"https:\/\/www.sirius-telecom.com\/es\/wp-json\/wp\/v2\/comments?post=7589"}],"version-history":[{"count":93,"href":"https:\/\/www.sirius-telecom.com\/es\/wp-json\/wp\/v2\/pages\/7589\/revisions"}],"predecessor-version":[{"id":9423,"href":"https:\/\/www.sirius-telecom.com\/es\/wp-json\/wp\/v2\/pages\/7589\/revisions\/9423"}],"wp:attachment":[{"href":"https:\/\/www.sirius-telecom.com\/es\/wp-json\/wp\/v2\/media?parent=7589"}],"curies":[{"name":"wp","href":"https:\/\/api.w.org\/{rel}","templated":true}]}}