{"id":8138,"date":"2019-10-24T10:44:59","date_gmt":"2019-10-24T09:44:59","guid":{"rendered":"https:\/\/www.sirius-telecom.com\/?page_id=8138"},"modified":"2019-10-24T19:37:27","modified_gmt":"2019-10-24T18:37:27","slug":"politica-de-cookies","status":"publish","type":"page","link":"https:\/\/www.sirius-telecom.com\/es\/politica-de-cookies\/","title":{"rendered":"Pol\u00edtica de cookies"},"content":{"rendered":"<div class=\"wpb-content-wrapper\"><p>[vc_row css=&#8221;.vc_custom_1571909928105{margin-top: 35px !important;}&#8221;][vc_column]<header class=\"kd-section-title col-lg-12 text-left    \" ><h2 class=\"separator_off\" style=\"font-size: 40px;\">Pol\u00edtica de Cookies<\/h2><\/header>[\/vc_column][\/vc_row][vc_row][vc_column][vc_column_text]<strong>COMO SE OBTIENEN LOS DATOS EN ESTA WEB.<\/strong><\/p>\n<p>Los datos personales que se tratan en <a href=\"https:\/\/www.sirius-telecom.com\">Sirius-telecom.com<\/a> proceden de:<\/p>\n<ol>\n<li>Formulario web.<\/li>\n<li>Cookies: Cuando el usuario se registra o navega en esta web, se almacenan \u201ccookies\u201d. A continuaci\u00f3n detallamos m\u00e1s informaci\u00f3n acerca de las Cookies.<\/li>\n<\/ol>\n<p>[\/vc_column_text][\/vc_column][\/vc_row][vc_row][vc_column][vc_separator color=&#8221;white&#8221; css=&#8221;.vc_custom_1571942268274{margin-top: 10px !important;margin-bottom: 10px !important;}&#8221;][\/vc_column][\/vc_row][vc_row][vc_column][vc_column_text]<strong>COOKIES<\/strong><\/p>\n<p>Cuando usted visita la Web de <a href=\"https:\/\/www.sirius-telecom.com\">Sirius-telecom.com<\/a>, puede hacerlo de modo an\u00f3nimo y acceder a importante informaci\u00f3n sin necesidad de identificarse. Con el objetivo de mejorar nuestro sitio Web, usamos \u201ccookies\u201d para analizar su visita. Una \u201ccookie\u201d es un peque\u00f1o conjunto de informaci\u00f3n que es transferido a su navegador por el servidor Web y que s\u00f3lo puede ser le\u00eddo por \u00e9ste. Estas informaciones sirven como una especie de tarjeta de presentaci\u00f3n suya: recuerda sus contrase\u00f1as, sus compras y sus preferencias. Las \u201ccookies\u201d no pueden ser ejecutadas como c\u00f3digo ni transmitir virus.<\/p>\n<p>El usuario tiene la opci\u00f3n de impedir la generaci\u00f3n de cookies, mediante la selecci\u00f3n de la correspondiente opci\u00f3n en su programa navegador.<\/p>\n<p>Aunque <a href=\"https:\/\/www.sirius-telecom.com\">Sirius-telecom.com<\/a> utiliza \u201ccookies\u201d para analizar su visita al sitio Web y los servidores registran autom\u00e1ticamente la direcci\u00f3n IP de su ordenador, esta informaci\u00f3n no permite identificarle a usted, que siempre permanecer\u00e1 en el anonimato a menos que facilite informaci\u00f3n personal a <a href=\"https:\/\/www.sirius-telecom.com\">Sirius-telecom.com<\/a>.<\/p>\n<p>Aclarar que desde nuestra web se puede acceder a otras p\u00e1ginas que ya no son de <a href=\"https:\/\/www.sirius-telecom.com\">Sirius-telecom.com<\/a>, las cuales por tanto no est\u00e1n sujetas a estas condiciones.<\/p>\n<p><strong>CAMBIOS EN LA PRESENTE POL\u00cdTICA DE PRIVACIDAD<\/strong><\/p>\n<p><a href=\"https:\/\/www.sirius-telecom.com\">Sirius-telecom.com<\/a> se reserva el derecho a modificar la presente pol\u00edtica para adaptarla a novedades legislativas o jurisprudenciales, as\u00ed como, a pr\u00e1cticas de la industria. En dichos supuestos, <a href=\"https:\/\/www.sirius-telecom.com\">Sirius-telecom.com<\/a> anunciar\u00e1 en esta p\u00e1gina los cambios introducidos con razonable antelaci\u00f3n a su puesta en pr\u00e1ctica.<\/p>\n<p><strong>CORREOS COMERCIALES.<\/strong><\/p>\n<p>De acuerdo con la LSSICE, <a href=\"https:\/\/www.sirius-telecom.com\">Sirius-telecom.com<\/a> no realiza pr\u00e1cticas de SPAM, por lo que no env\u00eda correos masivos a clientes que no hayan sido previamente solicitados o autorizados por el usuario. Nuestros mailings son \u00fanicamente de promociones, ofertas y novedades de los productos que ofrecemos.[\/vc_column_text][\/vc_column][\/vc_row]<\/p>\n<\/div>","protected":false},"excerpt":{"rendered":"<p>[vc_row css=&#8221;.vc_custom_1571909928105{margin-top: 35px !important;}&#8221;][vc_column][\/vc_column][\/vc_row][vc_row][vc_column][vc_column_text]COMO SE OBTIENEN LOS DATOS EN ESTA WEB. Los datos personales que se tratan en Sirius-telecom.com proceden [&hellip;]<\/p>\n","protected":false},"author":1,"featured_media":0,"parent":0,"menu_order":0,"comment_status":"closed","ping_status":"closed","template":"","meta":{"footnotes":""},"yoast_head":"<title>Pol\u00edtica de cookies - SIRIUS TELECOM - Telecommunications Engineering Barcelona<\/title>\n<meta name=\"robots\" content=\"index, follow, max-snippet:-1, max-image-preview:large, max-video-preview:-1\" \/>\n<link rel=\"canonical\" href=\"https:\/\/www.sirius-telecom.com\/politica-de-cookies\/\" \/>\n<meta property=\"og:locale\" content=\"es_ES\" \/>\n<meta property=\"og:type\" content=\"article\" \/>\n<meta property=\"og:title\" content=\"Pol\u00edtica de cookies - SIRIUS TELECOM - Telecommunications Engineering Barcelona\" \/>\n<meta property=\"og:description\" content=\"[vc_row css=&#8221;.vc_custom_1571909928105{margin-top: 35px !important;}&#8221;][vc_column][\/vc_column][\/vc_row][vc_row][vc_column][vc_column_text]COMO SE OBTIENEN LOS DATOS EN ESTA WEB. Los datos personales que se tratan en Sirius-telecom.com proceden [&hellip;]\" \/>\n<meta property=\"og:url\" content=\"https:\/\/www.sirius-telecom.com\/politica-de-cookies\/\" \/>\n<meta property=\"og:site_name\" content=\"SIRIUS TELECOM - Telecommunications Engineering Barcelona\" \/>\n<meta property=\"article:modified_time\" content=\"2019-10-24T18:37:27+00:00\" \/>\n<meta name=\"twitter:card\" content=\"summary_large_image\" \/>\n<meta name=\"twitter:label1\" content=\"Tiempo de lectura\" \/>\n\t<meta name=\"twitter:data1\" content=\"2 minutos\" \/>\n<script type=\"application\/ld+json\" class=\"yoast-schema-graph\">{\"@context\":\"https:\/\/schema.org\",\"@graph\":[{\"@type\":\"WebPage\",\"@id\":\"https:\/\/www.sirius-telecom.com\/politica-de-cookies\/\",\"url\":\"https:\/\/www.sirius-telecom.com\/politica-de-cookies\/\",\"name\":\"Pol\u00edtica de cookies - SIRIUS TELECOM - Telecommunications Engineering Barcelona\",\"isPartOf\":{\"@id\":\"https:\/\/www.sirius-telecom.com\/#website\"},\"datePublished\":\"2019-10-24T09:44:59+00:00\",\"dateModified\":\"2019-10-24T18:37:27+00:00\",\"breadcrumb\":{\"@id\":\"https:\/\/www.sirius-telecom.com\/politica-de-cookies\/#breadcrumb\"},\"inLanguage\":\"es\",\"potentialAction\":[{\"@type\":\"ReadAction\",\"target\":[\"https:\/\/www.sirius-telecom.com\/politica-de-cookies\/\"]}]},{\"@type\":\"BreadcrumbList\",\"@id\":\"https:\/\/www.sirius-telecom.com\/politica-de-cookies\/#breadcrumb\",\"itemListElement\":[{\"@type\":\"ListItem\",\"position\":1,\"name\":\"Portada\",\"item\":\"https:\/\/www.sirius-telecom.com\/es\/\"},{\"@type\":\"ListItem\",\"position\":2,\"name\":\"Pol\u00edtica de cookies\"}]},{\"@type\":\"WebSite\",\"@id\":\"https:\/\/www.sirius-telecom.com\/#website\",\"url\":\"https:\/\/www.sirius-telecom.com\/\",\"name\":\"SIRIUS TELECOM - Telecommunications Engineering Barcelona\",\"description\":\"Engineering and consulting in Projects, Optional Management, FTTH, , Building projects and Civil Engineering\",\"potentialAction\":[{\"@type\":\"SearchAction\",\"target\":{\"@type\":\"EntryPoint\",\"urlTemplate\":\"https:\/\/www.sirius-telecom.com\/?s={search_term_string}\"},\"query-input\":\"required name=search_term_string\"}],\"inLanguage\":\"es\"}]}<\/script>","yoast_head_json":{"title":"Pol\u00edtica de cookies - SIRIUS TELECOM - Telecommunications Engineering Barcelona","robots":{"index":"index","follow":"follow","max-snippet":"max-snippet:-1","max-image-preview":"max-image-preview:large","max-video-preview":"max-video-preview:-1"},"canonical":"https:\/\/www.sirius-telecom.com\/politica-de-cookies\/","og_locale":"es_ES","og_type":"article","og_title":"Pol\u00edtica de cookies - SIRIUS TELECOM - Telecommunications Engineering Barcelona","og_description":"[vc_row css=&#8221;.vc_custom_1571909928105{margin-top: 35px !important;}&#8221;][vc_column][\/vc_column][\/vc_row][vc_row][vc_column][vc_column_text]COMO SE OBTIENEN LOS DATOS EN ESTA WEB. Los datos personales que se tratan en Sirius-telecom.com proceden [&hellip;]","og_url":"https:\/\/www.sirius-telecom.com\/politica-de-cookies\/","og_site_name":"SIRIUS TELECOM - Telecommunications Engineering Barcelona","article_modified_time":"2019-10-24T18:37:27+00:00","twitter_card":"summary_large_image","twitter_misc":{"Tiempo de lectura":"2 minutos"},"schema":{"@context":"https:\/\/schema.org","@graph":[{"@type":"WebPage","@id":"https:\/\/www.sirius-telecom.com\/politica-de-cookies\/","url":"https:\/\/www.sirius-telecom.com\/politica-de-cookies\/","name":"Pol\u00edtica de cookies - SIRIUS TELECOM - Telecommunications Engineering Barcelona","isPartOf":{"@id":"https:\/\/www.sirius-telecom.com\/#website"},"datePublished":"2019-10-24T09:44:59+00:00","dateModified":"2019-10-24T18:37:27+00:00","breadcrumb":{"@id":"https:\/\/www.sirius-telecom.com\/politica-de-cookies\/#breadcrumb"},"inLanguage":"es","potentialAction":[{"@type":"ReadAction","target":["https:\/\/www.sirius-telecom.com\/politica-de-cookies\/"]}]},{"@type":"BreadcrumbList","@id":"https:\/\/www.sirius-telecom.com\/politica-de-cookies\/#breadcrumb","itemListElement":[{"@type":"ListItem","position":1,"name":"Portada","item":"https:\/\/www.sirius-telecom.com\/es\/"},{"@type":"ListItem","position":2,"name":"Pol\u00edtica de cookies"}]},{"@type":"WebSite","@id":"https:\/\/www.sirius-telecom.com\/#website","url":"https:\/\/www.sirius-telecom.com\/","name":"SIRIUS TELECOM - Telecommunications Engineering Barcelona","description":"Engineering and consulting in Projects, Optional Management, FTTH, , Building projects and Civil Engineering","potentialAction":[{"@type":"SearchAction","target":{"@type":"EntryPoint","urlTemplate":"https:\/\/www.sirius-telecom.com\/?s={search_term_string}"},"query-input":"required name=search_term_string"}],"inLanguage":"es"}]}},"_links":{"self":[{"href":"https:\/\/www.sirius-telecom.com\/es\/wp-json\/wp\/v2\/pages\/8138"}],"collection":[{"href":"https:\/\/www.sirius-telecom.com\/es\/wp-json\/wp\/v2\/pages"}],"about":[{"href":"https:\/\/www.sirius-telecom.com\/es\/wp-json\/wp\/v2\/types\/page"}],"author":[{"embeddable":true,"href":"https:\/\/www.sirius-telecom.com\/es\/wp-json\/wp\/v2\/users\/1"}],"replies":[{"embeddable":true,"href":"https:\/\/www.sirius-telecom.com\/es\/wp-json\/wp\/v2\/comments?post=8138"}],"version-history":[{"count":11,"href":"https:\/\/www.sirius-telecom.com\/es\/wp-json\/wp\/v2\/pages\/8138\/revisions"}],"predecessor-version":[{"id":8183,"href":"https:\/\/www.sirius-telecom.com\/es\/wp-json\/wp\/v2\/pages\/8138\/revisions\/8183"}],"wp:attachment":[{"href":"https:\/\/www.sirius-telecom.com\/es\/wp-json\/wp\/v2\/media?parent=8138"}],"curies":[{"name":"wp","href":"https:\/\/api.w.org\/{rel}","templated":true}]}}