{"id":8643,"date":"2021-08-26T11:35:07","date_gmt":"2021-08-26T10:35:07","guid":{"rendered":"https:\/\/www.sirius-telecom.com\/?page_id=8643"},"modified":"2021-08-26T11:35:07","modified_gmt":"2021-08-26T10:35:07","slug":"politica-de-calidad-y-medio-ambiente","status":"publish","type":"page","link":"https:\/\/www.sirius-telecom.com\/es\/politica-de-calidad-y-medio-ambiente\/","title":{"rendered":"Pol\u00edtica de Calidad y Medio Ambiente"},"content":{"rendered":"<div class=\"wpb-content-wrapper\"><p>[vc_row css=&#8221;.vc_custom_1571909928105{margin-top: 35px !important;}&#8221;][vc_column]<header class=\"kd-section-title col-lg-12 text-left    \" ><h2 class=\"separator_off\" style=\"font-size: 40px;\">Pol\u00edtica de Calidad y Medio Ambiente<\/h2><\/header>[\/vc_column][\/vc_row][vc_row][vc_column][vc_column_text]SIRIUS TELECOM tiene como objetivo proporcionar un servicio de calidad que sea fiel reflejo de las expectativas en desarrollo de redes de telecomunicaciones de cada cliente, cumpliendo con todos los requisitos, asegur\u00e1ndole de esta manera la satisfacci\u00f3n total, y por tanto el \u00e9xito a lo largo plazo de la empresa.<\/p>\n<p>Todo ello se llevar\u00e1 a cabo manteniendo un respeto absoluto por el medioambiente y un cuidado y rigurosidad para prevenir los riesgos laborales, dotando de los recursos necesarios para ello.<\/p>\n<p><strong>El Manual de Calidad se plantea como una herramienta eficaz para conseguir los anteriores objetivos. Por todo ello, establece, declara y asume los siguientes principios:<\/strong><\/p>\n<p>1 La calidad del servicio, el respeto por el medioambiente y la seguridad en el trabajo, es el resultado de acciones planificadas y sistem\u00e1ticas de PREVENCI\u00d3N, DETECCI\u00d3N, CORRECCI\u00d3N Y MEJORA CONTINUA en todos los procesos de SIRIUS TELECOM.<\/p>\n<p>2 Las exigencias contractuales, los deseos y las expectativas de los clientes, p\u00fablicos y privados, son el \u00fanico criterio para establecer el patr\u00f3n de calidad de nuestros servicios.<\/p>\n<p>3 Cada empleado de SIRIUS TELECOM SLU, es responsable de la gesti\u00f3n EFICAZ de la calidad, el respeto por el medioambiente y el cumplimiento de las normas establecidas para prevenir los accidentes en su tarea y en la de los dem\u00e1s.<\/p>\n<p>Los responsables de los procesos de SIRIUS TELECOM SLU deben IMPULSAR la implantaci\u00f3n de la pol\u00edtica y los objetivos de Calidad y Medioambiente, comprobando su ejecuci\u00f3n mediante auditorias y fomentando la mejora continua en todas las \u00e1reas de SIRIUS TELECOM SLU.<\/p>\n<p>4 SIRIUS TELECOM SLU asume activamente el compromiso de cumplir con la legislaci\u00f3n aplicable en todo momento, incluyendo la medioambiental, laboral y cualquier otra aplicable, evitar cualquier tipo de contaminaci\u00f3n que pueda producirse, y prevenir los da\u00f1os y el deterioro de la salud.<\/p>\n<p>5 La aplicaci\u00f3n de esta pol\u00edtica exige la integraci\u00f3n activa de todo el equipo humano de la empresa. Por todo ello, la Direcci\u00f3n considera prioritarias la MOTIVACI\u00d3N y la FORMACI\u00d3N para la CALIDAD Y MEDIOAMBIENTE.<\/p>\n<p>6 SIRIUS TELECOM SLU se compromete a la mejora continua, a prevenir la contaminaci\u00f3n del medio ambiente, el cumplimiento de la legislaci\u00f3n establecida para prevenir los accidentes en su tarea y en la de los dem\u00e1s, y a cumplir con los requisitos legales y reglamentarios y otros compromisos que la empresa suscriba, voluntarios o de clientes, que le sean de aplicaci\u00f3n en todas sus actividades.[\/vc_column_text][\/vc_column][\/vc_row]<\/p>\n<\/div>","protected":false},"excerpt":{"rendered":"<p>[vc_row css=&#8221;.vc_custom_1571909928105{margin-top: 35px !important;}&#8221;][vc_column][\/vc_column][\/vc_row][vc_row][vc_column][vc_column_text]SIRIUS TELECOM tiene como objetivo proporcionar un servicio de calidad que sea fiel reflejo de las expectativas [&hellip;]<\/p>\n","protected":false},"author":1,"featured_media":0,"parent":0,"menu_order":0,"comment_status":"closed","ping_status":"closed","template":"","meta":{"footnotes":""},"yoast_head":"<title>Pol\u00edtica de Calidad y Medio Ambiente - SIRIUS TELECOM - Telecommunications Engineering Barcelona<\/title>\n<meta name=\"robots\" content=\"index, follow, max-snippet:-1, max-image-preview:large, max-video-preview:-1\" \/>\n<link rel=\"canonical\" href=\"https:\/\/www.sirius-telecom.com\/politica-de-calidad-y-medio-ambiente\/\" \/>\n<meta property=\"og:locale\" content=\"es_ES\" \/>\n<meta property=\"og:type\" content=\"article\" \/>\n<meta property=\"og:title\" content=\"Pol\u00edtica de Calidad y Medio Ambiente - SIRIUS TELECOM - Telecommunications Engineering Barcelona\" \/>\n<meta property=\"og:description\" content=\"[vc_row css=&#8221;.vc_custom_1571909928105{margin-top: 35px !important;}&#8221;][vc_column][\/vc_column][\/vc_row][vc_row][vc_column][vc_column_text]SIRIUS TELECOM tiene como objetivo proporcionar un servicio de calidad que sea fiel reflejo de las expectativas [&hellip;]\" \/>\n<meta property=\"og:url\" content=\"https:\/\/www.sirius-telecom.com\/politica-de-calidad-y-medio-ambiente\/\" \/>\n<meta property=\"og:site_name\" content=\"SIRIUS TELECOM - Telecommunications Engineering Barcelona\" \/>\n<meta name=\"twitter:card\" content=\"summary_large_image\" \/>\n<meta name=\"twitter:label1\" content=\"Tiempo de lectura\" \/>\n\t<meta name=\"twitter:data1\" content=\"2 minutos\" \/>\n<script type=\"application\/ld+json\" class=\"yoast-schema-graph\">{\"@context\":\"https:\/\/schema.org\",\"@graph\":[{\"@type\":\"WebPage\",\"@id\":\"https:\/\/www.sirius-telecom.com\/politica-de-calidad-y-medio-ambiente\/\",\"url\":\"https:\/\/www.sirius-telecom.com\/politica-de-calidad-y-medio-ambiente\/\",\"name\":\"Pol\u00edtica de Calidad y Medio Ambiente - SIRIUS TELECOM - Telecommunications Engineering Barcelona\",\"isPartOf\":{\"@id\":\"https:\/\/www.sirius-telecom.com\/#website\"},\"datePublished\":\"2021-08-26T10:35:07+00:00\",\"dateModified\":\"2021-08-26T10:35:07+00:00\",\"breadcrumb\":{\"@id\":\"https:\/\/www.sirius-telecom.com\/politica-de-calidad-y-medio-ambiente\/#breadcrumb\"},\"inLanguage\":\"es\",\"potentialAction\":[{\"@type\":\"ReadAction\",\"target\":[\"https:\/\/www.sirius-telecom.com\/politica-de-calidad-y-medio-ambiente\/\"]}]},{\"@type\":\"BreadcrumbList\",\"@id\":\"https:\/\/www.sirius-telecom.com\/politica-de-calidad-y-medio-ambiente\/#breadcrumb\",\"itemListElement\":[{\"@type\":\"ListItem\",\"position\":1,\"name\":\"Portada\",\"item\":\"https:\/\/www.sirius-telecom.com\/es\/\"},{\"@type\":\"ListItem\",\"position\":2,\"name\":\"Pol\u00edtica de Calidad y Medio Ambiente\"}]},{\"@type\":\"WebSite\",\"@id\":\"https:\/\/www.sirius-telecom.com\/#website\",\"url\":\"https:\/\/www.sirius-telecom.com\/\",\"name\":\"SIRIUS TELECOM - Telecommunications Engineering Barcelona\",\"description\":\"Engineering and consulting in Projects, Optional Management, FTTH, , Building projects and Civil Engineering\",\"potentialAction\":[{\"@type\":\"SearchAction\",\"target\":{\"@type\":\"EntryPoint\",\"urlTemplate\":\"https:\/\/www.sirius-telecom.com\/?s={search_term_string}\"},\"query-input\":\"required name=search_term_string\"}],\"inLanguage\":\"es\"}]}<\/script>","yoast_head_json":{"title":"Pol\u00edtica de Calidad y Medio Ambiente - SIRIUS TELECOM - Telecommunications Engineering Barcelona","robots":{"index":"index","follow":"follow","max-snippet":"max-snippet:-1","max-image-preview":"max-image-preview:large","max-video-preview":"max-video-preview:-1"},"canonical":"https:\/\/www.sirius-telecom.com\/politica-de-calidad-y-medio-ambiente\/","og_locale":"es_ES","og_type":"article","og_title":"Pol\u00edtica de Calidad y Medio Ambiente - SIRIUS TELECOM - Telecommunications Engineering Barcelona","og_description":"[vc_row css=&#8221;.vc_custom_1571909928105{margin-top: 35px !important;}&#8221;][vc_column][\/vc_column][\/vc_row][vc_row][vc_column][vc_column_text]SIRIUS TELECOM tiene como objetivo proporcionar un servicio de calidad que sea fiel reflejo de las expectativas [&hellip;]","og_url":"https:\/\/www.sirius-telecom.com\/politica-de-calidad-y-medio-ambiente\/","og_site_name":"SIRIUS TELECOM - Telecommunications Engineering Barcelona","twitter_card":"summary_large_image","twitter_misc":{"Tiempo de lectura":"2 minutos"},"schema":{"@context":"https:\/\/schema.org","@graph":[{"@type":"WebPage","@id":"https:\/\/www.sirius-telecom.com\/politica-de-calidad-y-medio-ambiente\/","url":"https:\/\/www.sirius-telecom.com\/politica-de-calidad-y-medio-ambiente\/","name":"Pol\u00edtica de Calidad y Medio Ambiente - SIRIUS TELECOM - Telecommunications Engineering Barcelona","isPartOf":{"@id":"https:\/\/www.sirius-telecom.com\/#website"},"datePublished":"2021-08-26T10:35:07+00:00","dateModified":"2021-08-26T10:35:07+00:00","breadcrumb":{"@id":"https:\/\/www.sirius-telecom.com\/politica-de-calidad-y-medio-ambiente\/#breadcrumb"},"inLanguage":"es","potentialAction":[{"@type":"ReadAction","target":["https:\/\/www.sirius-telecom.com\/politica-de-calidad-y-medio-ambiente\/"]}]},{"@type":"BreadcrumbList","@id":"https:\/\/www.sirius-telecom.com\/politica-de-calidad-y-medio-ambiente\/#breadcrumb","itemListElement":[{"@type":"ListItem","position":1,"name":"Portada","item":"https:\/\/www.sirius-telecom.com\/es\/"},{"@type":"ListItem","position":2,"name":"Pol\u00edtica de Calidad y Medio Ambiente"}]},{"@type":"WebSite","@id":"https:\/\/www.sirius-telecom.com\/#website","url":"https:\/\/www.sirius-telecom.com\/","name":"SIRIUS TELECOM - Telecommunications Engineering Barcelona","description":"Engineering and consulting in Projects, Optional Management, FTTH, , Building projects and Civil Engineering","potentialAction":[{"@type":"SearchAction","target":{"@type":"EntryPoint","urlTemplate":"https:\/\/www.sirius-telecom.com\/?s={search_term_string}"},"query-input":"required name=search_term_string"}],"inLanguage":"es"}]}},"_links":{"self":[{"href":"https:\/\/www.sirius-telecom.com\/es\/wp-json\/wp\/v2\/pages\/8643"}],"collection":[{"href":"https:\/\/www.sirius-telecom.com\/es\/wp-json\/wp\/v2\/pages"}],"about":[{"href":"https:\/\/www.sirius-telecom.com\/es\/wp-json\/wp\/v2\/types\/page"}],"author":[{"embeddable":true,"href":"https:\/\/www.sirius-telecom.com\/es\/wp-json\/wp\/v2\/users\/1"}],"replies":[{"embeddable":true,"href":"https:\/\/www.sirius-telecom.com\/es\/wp-json\/wp\/v2\/comments?post=8643"}],"version-history":[{"count":6,"href":"https:\/\/www.sirius-telecom.com\/es\/wp-json\/wp\/v2\/pages\/8643\/revisions"}],"predecessor-version":[{"id":8649,"href":"https:\/\/www.sirius-telecom.com\/es\/wp-json\/wp\/v2\/pages\/8643\/revisions\/8649"}],"wp:attachment":[{"href":"https:\/\/www.sirius-telecom.com\/es\/wp-json\/wp\/v2\/media?parent=8643"}],"curies":[{"name":"wp","href":"https:\/\/api.w.org\/{rel}","templated":true}]}}